{"id":2927,"date":"2020-07-13T17:00:59","date_gmt":"2020-07-13T15:00:59","guid":{"rendered":"https:\/\/cienfuegos.fr\/?post_type=product&#038;p=2927"},"modified":"2020-08-01T20:52:56","modified_gmt":"2020-08-01T18:52:56","slug":"literal-2","status":"publish","type":"product","link":"https:\/\/cienfuegos.fr\/index.php\/product\/literal-2\/","title":{"rendered":"Literal"},"content":{"rendered":"","protected":false},"excerpt":{"rendered":"<p>Autor: AAVV<br \/>\nEditorial: Ediciones Biblioteca Nacional<br \/>\nA\u00f1o de publicaci\u00f3n:<br \/>\nN\u00famero de p\u00e1ginas:<br \/>\nI.S.B.N:<\/p>\n<p>Edici\u00f3n Facsimiar. La colecci\u00f3n Reediciones y Antolog\u00edas est\u00e1 animada por una mirada que vuelve sobre los textos pasados. Una visita curiosa y cauta que intenta traer al presente un conjunto de escritos capaces de interpelamos en nuestra existencia com\u00fan. Trazos sutiles que convocan a despertar la sensibilidad cr\u00edtica de un lector, desprevenido u ocasional, que encontrar\u00e1 en estos vol\u00famenes buenas razones para repensar nuestra incierta experiencia contempor\u00e1nea. Cara oculta de la luna literaria, verdadero Lado B de los 70, Literal emerge de las zonas menos exploradas pero no por ello menos traum\u00e1ticas de aquel per\u00edodo. Si el inescrutable terror de aquellos a\u00f1os -huelga aclararlo- fue proporcional al grado de politizaci\u00f3n social de los 60, Literal delata el doble fondo de las \u00abdesapariciones\u00bb de aquel per\u00edodo. De ning\u00fan modo podr\u00eda considerarse que algunas de las cosas que se interrumpieron con el par\u00e9ntesis de la dictadura se reanudaron con la restituci\u00f3n democr\u00e1tica. Tambi\u00e9n las sofisticadas tramas de la cultura fueron desarticuladas por el laborioso ardid de los oscurantistas. En ese contexto de descompensaci\u00f3n de relojes Literal comporta un valor significativo para comprender aquellos convulsos a\u00f1os. Pero quiz\u00e1 no sea ese fecundo valor documental que atesoran los magazines la m\u00e1s importante tasa que Literal venga a cotizar con creces a cuatro d\u00e9cadas de su primer n\u00famero.<\/p>\n","protected":false},"featured_media":4670,"comment_status":"closed","ping_status":"closed","template":"","meta":[],"class_list":{"0":"post-2927","1":"product","2":"type-product","3":"status-publish","4":"has-post-thumbnail","6":"product_cat-estudios_literarios","7":"post","9":"first","10":"instock","11":"taxable","12":"shipping-taxable","13":"purchasable","14":"product-type-simple"},"_links":{"self":[{"href":"https:\/\/cienfuegos.fr\/index.php\/wp-json\/wp\/v2\/product\/2927","targetHints":{"allow":["GET"]}}],"collection":[{"href":"https:\/\/cienfuegos.fr\/index.php\/wp-json\/wp\/v2\/product"}],"about":[{"href":"https:\/\/cienfuegos.fr\/index.php\/wp-json\/wp\/v2\/types\/product"}],"replies":[{"embeddable":true,"href":"https:\/\/cienfuegos.fr\/index.php\/wp-json\/wp\/v2\/comments?post=2927"}],"wp:featuredmedia":[{"embeddable":true,"href":"https:\/\/cienfuegos.fr\/index.php\/wp-json\/wp\/v2\/media\/4670"}],"wp:attachment":[{"href":"https:\/\/cienfuegos.fr\/index.php\/wp-json\/wp\/v2\/media?parent=2927"}],"curies":[{"name":"wp","href":"https:\/\/api.w.org\/{rel}","templated":true}]}}