{"id":2923,"date":"2020-07-13T17:00:51","date_gmt":"2020-07-13T15:00:51","guid":{"rendered":"https:\/\/cienfuegos.fr\/?post_type=product&#038;p=2923"},"modified":"2020-08-01T21:01:55","modified_gmt":"2020-08-01T19:01:55","slug":"un-orfeo-del-pacifico-2","status":"publish","type":"product","link":"https:\/\/cienfuegos.fr\/index.php\/product\/un-orfeo-del-pacifico-2\/","title":{"rendered":"Un orfeo del pac\u00edfico"},"content":{"rendered":"","protected":false},"excerpt":{"rendered":"<p>Autor: Del Valle, Rosamel<br \/>\nEditorial: LOM<br \/>\nA\u00f1o de publicaci\u00f3n:<br \/>\nN\u00famero de p\u00e1ginas:<br \/>\nI.S.B.N : 9562822761<\/p>\n<p>Rosamel del Valle.Esta antolog\u00eda realizada por Hern\u00e1n Castellano Gir\u00f3n nos entrega lo m\u00e1s destacado de una obra hecha corpus que persigui\u00f3 desde el acto libre de la creaci\u00f3n, lanzarse en procura de lo maravilloso, hacia las zonas m\u00e1s secretas y poderosas del universo. Rosamel del Valle nos instala aqu\u00ed en un proceso que implica lealtad a la aventura y a la poes\u00eda.<\/p>\n","protected":false},"featured_media":4666,"comment_status":"closed","ping_status":"closed","template":"","meta":[],"class_list":{"0":"post-2923","1":"product","2":"type-product","3":"status-publish","4":"has-post-thumbnail","6":"product_cat-poesia","7":"post","9":"first","10":"instock","11":"taxable","12":"shipping-taxable","13":"purchasable","14":"product-type-simple"},"_links":{"self":[{"href":"https:\/\/cienfuegos.fr\/index.php\/wp-json\/wp\/v2\/product\/2923","targetHints":{"allow":["GET"]}}],"collection":[{"href":"https:\/\/cienfuegos.fr\/index.php\/wp-json\/wp\/v2\/product"}],"about":[{"href":"https:\/\/cienfuegos.fr\/index.php\/wp-json\/wp\/v2\/types\/product"}],"replies":[{"embeddable":true,"href":"https:\/\/cienfuegos.fr\/index.php\/wp-json\/wp\/v2\/comments?post=2923"}],"wp:featuredmedia":[{"embeddable":true,"href":"https:\/\/cienfuegos.fr\/index.php\/wp-json\/wp\/v2\/media\/4666"}],"wp:attachment":[{"href":"https:\/\/cienfuegos.fr\/index.php\/wp-json\/wp\/v2\/media?parent=2923"}],"curies":[{"name":"wp","href":"https:\/\/api.w.org\/{rel}","templated":true}]}}