{"id":2922,"date":"2020-07-13T17:00:49","date_gmt":"2020-07-13T15:00:49","guid":{"rendered":"https:\/\/cienfuegos.fr\/?post_type=product&#038;p=2922"},"modified":"2020-08-01T21:05:01","modified_gmt":"2020-08-01T19:05:01","slug":"paterson-2","status":"publish","type":"product","link":"https:\/\/cienfuegos.fr\/index.php\/product\/paterson-2\/","title":{"rendered":"Paterson"},"content":{"rendered":"","protected":false},"excerpt":{"rendered":"<p>Autor: Williams, Carlos<br \/>\nEditorial: ALDUS<br \/>\nA\u00f1o de publicaci\u00f3n:<br \/>\nN\u00famero de p\u00e1ginas:<br \/>\nI.S.B.N : 978-607-745-154-9<\/p>\n<p>William Carlos Williams es un claro precursor de la poes\u00eda norteamericana del siglo XX. Junto a Ezra Pound y H.D. (Hilda Doolitle) puso fin a las estructuras de composici\u00f3n de la l\u00edrica inglesa para desarrollar un nuevo sentido del ritmo ligado al hablar y a la vida com\u00fan estadunidenses. El t\u00edtulo est\u00e1 dividido en cinco partes que, de acuerdo con Williams, muestran los reflejos que existen entre una ciudad (Paterson, vecina de su natal Rutherford, New Jersey) y el mapa mental del hombre moderno. El poema resume a ese hombre, que es en s\u00ed mismo de una ciudad, y es tambi\u00e9n la historia de los Estados Unidos y de su sociedad brutalizada y torcida por el miedo y la miseria durante la crisis de 1929 y los primeros a\u00f1os de la Guerra Fr\u00eda. Los cinco libros que conforman Paterson fueron publicados por separado entre 1946 y 1958 y finalmente reunidos en 1963. El volumen que ahora se publica presenta por primera vez una edici\u00f3n biling\u00fce de la obra traducida al espa\u00f1ol.<\/p>\n","protected":false},"featured_media":4665,"comment_status":"closed","ping_status":"closed","template":"","meta":[],"class_list":{"0":"post-2922","1":"product","2":"type-product","3":"status-publish","4":"has-post-thumbnail","6":"product_cat-poesia","7":"post","9":"first","10":"instock","11":"taxable","12":"shipping-taxable","13":"purchasable","14":"product-type-simple"},"_links":{"self":[{"href":"https:\/\/cienfuegos.fr\/index.php\/wp-json\/wp\/v2\/product\/2922","targetHints":{"allow":["GET"]}}],"collection":[{"href":"https:\/\/cienfuegos.fr\/index.php\/wp-json\/wp\/v2\/product"}],"about":[{"href":"https:\/\/cienfuegos.fr\/index.php\/wp-json\/wp\/v2\/types\/product"}],"replies":[{"embeddable":true,"href":"https:\/\/cienfuegos.fr\/index.php\/wp-json\/wp\/v2\/comments?post=2922"}],"wp:featuredmedia":[{"embeddable":true,"href":"https:\/\/cienfuegos.fr\/index.php\/wp-json\/wp\/v2\/media\/4665"}],"wp:attachment":[{"href":"https:\/\/cienfuegos.fr\/index.php\/wp-json\/wp\/v2\/media?parent=2922"}],"curies":[{"name":"wp","href":"https:\/\/api.w.org\/{rel}","templated":true}]}}