{"id":2921,"date":"2020-07-13T17:00:47","date_gmt":"2020-07-13T15:00:47","guid":{"rendered":"https:\/\/cienfuegos.fr\/?post_type=product&#038;p=2921"},"modified":"2020-08-01T21:06:27","modified_gmt":"2020-08-01T19:06:27","slug":"los-poetas-de-origenes-2","status":"publish","type":"product","link":"https:\/\/cienfuegos.fr\/index.php\/product\/los-poetas-de-origenes-2\/","title":{"rendered":"Los poetas de Or\u00edgenes"},"content":{"rendered":"","protected":false},"excerpt":{"rendered":"<p>Autor: Arcos, Jorge Luis (selecci\u00f3n y pr\u00f3logo)<br \/>\nEditorial: Fondo de Cultura Econ\u00f3mica<br \/>\nA\u00f1o de publicaci\u00f3n:<br \/>\nN\u00famero de p\u00e1ginas:<br \/>\nI.S.B.N : 978-9681667160<\/p>\n<p>Los poetas de la revista cubana Or\u00edgenes conforman uno de los grupos literarios m\u00e1s importantes de nuestra lengua en cualquier \u00e9poca, al mismo nivel que la generaci\u00f3n del 27 espa\u00f1ola o el movimiento intelectual en torno a la revista Sur de Buenos Aires. Dirigida por Jos\u00e9 Lezama Lima y Jos\u00e9 Rodr\u00edguez Feo, en sus p\u00e1ginas destellaron Cintio Vitier, Eliseo Diego, Fina Garc\u00eda Marruz, Virgilio Pi\u00f1era, Gast\u00f3n Baquero, \u00c1ngel Gaztelu, Justo Rodr\u00edguez Santos, Octavio Smith y Lorenzo Garc\u00eda Vega. En b\u00fasqueda permanente de la cosmovisi\u00f3n de lo cubano, Or\u00edgenes al mismo tiempo acogi\u00f3 a Juan Ram\u00f3n Jim\u00e9nez, Mar\u00eda Zambrano y Octavio Paz, quien la calific\u00f3 como la revista m\u00e1s importante del idioma.<\/p>\n","protected":false},"featured_media":4664,"comment_status":"closed","ping_status":"closed","template":"","meta":[],"class_list":{"0":"post-2921","1":"product","2":"type-product","3":"status-publish","4":"has-post-thumbnail","6":"product_cat-poesia","7":"post","9":"first","10":"instock","11":"taxable","12":"shipping-taxable","13":"purchasable","14":"product-type-simple"},"_links":{"self":[{"href":"https:\/\/cienfuegos.fr\/index.php\/wp-json\/wp\/v2\/product\/2921","targetHints":{"allow":["GET"]}}],"collection":[{"href":"https:\/\/cienfuegos.fr\/index.php\/wp-json\/wp\/v2\/product"}],"about":[{"href":"https:\/\/cienfuegos.fr\/index.php\/wp-json\/wp\/v2\/types\/product"}],"replies":[{"embeddable":true,"href":"https:\/\/cienfuegos.fr\/index.php\/wp-json\/wp\/v2\/comments?post=2921"}],"wp:featuredmedia":[{"embeddable":true,"href":"https:\/\/cienfuegos.fr\/index.php\/wp-json\/wp\/v2\/media\/4664"}],"wp:attachment":[{"href":"https:\/\/cienfuegos.fr\/index.php\/wp-json\/wp\/v2\/media?parent=2921"}],"curies":[{"name":"wp","href":"https:\/\/api.w.org\/{rel}","templated":true}]}}