{"id":2919,"date":"2020-07-13T17:00:42","date_gmt":"2020-07-13T15:00:42","guid":{"rendered":"https:\/\/cienfuegos.fr\/?post_type=product&#038;p=2919"},"modified":"2020-08-01T21:10:56","modified_gmt":"2020-08-01T19:10:56","slug":"cuarto-de-hotel-2","status":"publish","type":"product","link":"https:\/\/cienfuegos.fr\/index.php\/product\/cuarto-de-hotel-2\/","title":{"rendered":"Cuarto de hotel"},"content":{"rendered":"","protected":false},"excerpt":{"rendered":"<p>Autor: Bracho, Coral<br \/>\nEditorial: Era<br \/>\nA\u00f1o de publicaci\u00f3n:<br \/>\nN\u00famero de p\u00e1ginas:<br \/>\nI.S.B.N : 978-9684116986<\/p>\n<p>\u00bfQu\u00e9 cuarto? \u00bfqu\u00e9 hotel? se preguntar\u00e1 el lector de este libro redondo y sugerente cuyos trazos sencillos y efectos complejos recuerdan las acuarelas que integran la blancura del papel para transmitir la sorpresa de la obra de arte. El cuarto es uno mismo; el cuarto es el mundo; es la memoria o la identidad; o es, en efecto, un cuarto de hotel, o de hospital; o un pa\u00eds. Sea cual sea la respuesta o la suma de respuestas, el libro es la alegor\u00eda de nuestra naturaleza pasajera y de la transitoria condici\u00f3n de un mundo reiteradamente b\u00e9lico y en ruinas. Si un hombre es todos los hombres, si una mujer es todas las mujeres, entonces Cuarto de hotel es la historia del hombre. O la historia de su residencia en la tierra. Y la historia la cuenta el inquilino, que nunca entiende bien en d\u00f3nde est\u00e1 ni por qu\u00e9 est\u00e1 ah\u00ed; \u201chistoria\u201d porque el temple enigm\u00e1tico de este libro sutil y poderoso, sus grandes y abiertas inc\u00f3gnitas permiten leerlo, casi, como una novela de misterios. En este libro breve cabe todo, y quien quiera verlo se ver\u00e1 tambi\u00e9n a s\u00ed mismo en el espejo deformado de una percepci\u00f3n \u00fanica en la poes\u00eda de nuestro tiempo. La obra de Coral Bracho ha seguido un itinerario singular y variad\u00edsimo con un timbre de voz reconocible y trasladado ya a muchas lenguas. Cuarto de hotel es uno m\u00e1s de los caminos de esa b\u00fasqueda; una estaci\u00f3n m\u00e1s en la obra cambiante de una de las mejores poetas mexicanas.<\/p>\n","protected":false},"featured_media":4662,"comment_status":"closed","ping_status":"closed","template":"","meta":[],"class_list":{"0":"post-2919","1":"product","2":"type-product","3":"status-publish","4":"has-post-thumbnail","6":"product_cat-poesia","7":"post","9":"first","10":"instock","11":"taxable","12":"shipping-taxable","13":"purchasable","14":"product-type-simple"},"_links":{"self":[{"href":"https:\/\/cienfuegos.fr\/index.php\/wp-json\/wp\/v2\/product\/2919","targetHints":{"allow":["GET"]}}],"collection":[{"href":"https:\/\/cienfuegos.fr\/index.php\/wp-json\/wp\/v2\/product"}],"about":[{"href":"https:\/\/cienfuegos.fr\/index.php\/wp-json\/wp\/v2\/types\/product"}],"replies":[{"embeddable":true,"href":"https:\/\/cienfuegos.fr\/index.php\/wp-json\/wp\/v2\/comments?post=2919"}],"wp:featuredmedia":[{"embeddable":true,"href":"https:\/\/cienfuegos.fr\/index.php\/wp-json\/wp\/v2\/media\/4662"}],"wp:attachment":[{"href":"https:\/\/cienfuegos.fr\/index.php\/wp-json\/wp\/v2\/media?parent=2919"}],"curies":[{"name":"wp","href":"https:\/\/api.w.org\/{rel}","templated":true}]}}