{"id":2917,"date":"2020-07-13T17:00:38","date_gmt":"2020-07-13T15:00:38","guid":{"rendered":"https:\/\/cienfuegos.fr\/?post_type=product&#038;p=2917"},"modified":"2020-08-01T21:18:59","modified_gmt":"2020-08-01T19:18:59","slug":"medicinas-para-quebrantamientos-del-halcon-2","status":"publish","type":"product","link":"https:\/\/cienfuegos.fr\/index.php\/product\/medicinas-para-quebrantamientos-del-halcon-2\/","title":{"rendered":"Medicinas para quebrantamientos del halc\u00f3n"},"content":{"rendered":"","protected":false},"excerpt":{"rendered":"<p>Autor: Chirinos, Eduardo<br \/>\nEditorial: Conaculta<br \/>\nA\u00f1o de publicaci\u00f3n:<br \/>\nN\u00famero de p\u00e1ginas:<br \/>\nI.S.B.N:<\/p>\n<p>El oleaje abandona los restos del d\u00eda, los deposita con cuidado al pie de mi cama. Se trata de una ofrenda, pero no deseo levantarme. Me aferro a la almohada, a los charcos de oscuridad que me protegen. El oleaje insiste, desliza entre las s\u00e1banas su fr\u00edo y su silencio. Abandono el sue\u00f1o a la mitad, enciendo la luz y consulto el hor\u00f3scopo. Aries. La luna penetra solitaria en el espejo, cu\u00eddate de la m\u00fasica, d\u00e9jate llevar por aquello que lees. Leo un tratado de ornitolog\u00eda, una floresta de poemas griegos, el Libro de la caza de las aves.<\/p>\n","protected":false},"featured_media":4660,"comment_status":"closed","ping_status":"closed","template":"","meta":[],"class_list":{"0":"post-2917","1":"product","2":"type-product","3":"status-publish","4":"has-post-thumbnail","6":"product_cat-poesia","7":"post","9":"first","10":"instock","11":"taxable","12":"shipping-taxable","13":"purchasable","14":"product-type-simple"},"_links":{"self":[{"href":"https:\/\/cienfuegos.fr\/index.php\/wp-json\/wp\/v2\/product\/2917","targetHints":{"allow":["GET"]}}],"collection":[{"href":"https:\/\/cienfuegos.fr\/index.php\/wp-json\/wp\/v2\/product"}],"about":[{"href":"https:\/\/cienfuegos.fr\/index.php\/wp-json\/wp\/v2\/types\/product"}],"replies":[{"embeddable":true,"href":"https:\/\/cienfuegos.fr\/index.php\/wp-json\/wp\/v2\/comments?post=2917"}],"wp:featuredmedia":[{"embeddable":true,"href":"https:\/\/cienfuegos.fr\/index.php\/wp-json\/wp\/v2\/media\/4660"}],"wp:attachment":[{"href":"https:\/\/cienfuegos.fr\/index.php\/wp-json\/wp\/v2\/media?parent=2917"}],"curies":[{"name":"wp","href":"https:\/\/api.w.org\/{rel}","templated":true}]}}