{"id":2916,"date":"2020-07-13T17:00:36","date_gmt":"2020-07-13T15:00:36","guid":{"rendered":"https:\/\/cienfuegos.fr\/?post_type=product&#038;p=2916"},"modified":"2020-08-01T21:27:46","modified_gmt":"2020-08-01T19:27:46","slug":"poblacion-de-la-mascara-2","status":"publish","type":"product","link":"https:\/\/cienfuegos.fr\/index.php\/product\/poblacion-de-la-mascara-2\/","title":{"rendered":"Poblaci\u00f3n de la m\u00e1scara"},"content":{"rendered":"","protected":false},"excerpt":{"rendered":"<p>Autor: Hern\u00e1ndez, Francisco<br \/>\nEditorial: Almad\u00eda<br \/>\nA\u00f1o de publicaci\u00f3n:<br \/>\nN\u00famero de p\u00e1ginas:<br \/>\nI.S.B.N:<\/p>\n<p>A partir de sesenta y dos poemas organizados como un extra\u00f1o alfabeto, Poblaci\u00f3n de la m\u00e1scara crea un museo de visionarios y fantasmas que nos conduce por la vida y la obra de algunos de los artistas contempor\u00e1neos m\u00e1s radicales. Sea que se dirijan a nosotros desde el sue\u00f1o o desde el m\u00e1s all\u00e1, los personajes invocados por Francisco Hern\u00e1ndez reconstruyen episodios clave de sus existencias a partir de sus propios autorretratos: biograf\u00edas marcadas por el delirio y los tormentos del genio, el fulgor y la penumbra de las visiones, el combate interno. En el m\u00e1s camale\u00f3nico de sus proyectos, Francisco Hern\u00e1ndez se pregunta por la identidad personal de creadores que cada d\u00eda, al asomarse a un espejo, debieron enfrentarse con sus muchas otras voces.<\/p>\n","protected":false},"featured_media":4659,"comment_status":"closed","ping_status":"closed","template":"","meta":[],"class_list":{"0":"post-2916","1":"product","2":"type-product","3":"status-publish","4":"has-post-thumbnail","6":"product_cat-poesia","7":"post","9":"first","10":"instock","11":"taxable","12":"shipping-taxable","13":"purchasable","14":"product-type-simple"},"_links":{"self":[{"href":"https:\/\/cienfuegos.fr\/index.php\/wp-json\/wp\/v2\/product\/2916","targetHints":{"allow":["GET"]}}],"collection":[{"href":"https:\/\/cienfuegos.fr\/index.php\/wp-json\/wp\/v2\/product"}],"about":[{"href":"https:\/\/cienfuegos.fr\/index.php\/wp-json\/wp\/v2\/types\/product"}],"replies":[{"embeddable":true,"href":"https:\/\/cienfuegos.fr\/index.php\/wp-json\/wp\/v2\/comments?post=2916"}],"wp:featuredmedia":[{"embeddable":true,"href":"https:\/\/cienfuegos.fr\/index.php\/wp-json\/wp\/v2\/media\/4659"}],"wp:attachment":[{"href":"https:\/\/cienfuegos.fr\/index.php\/wp-json\/wp\/v2\/media?parent=2916"}],"curies":[{"name":"wp","href":"https:\/\/api.w.org\/{rel}","templated":true}]}}