{"id":2915,"date":"2020-07-13T17:00:34","date_gmt":"2020-07-13T15:00:34","guid":{"rendered":"https:\/\/cienfuegos.fr\/?post_type=product&#038;p=2915"},"modified":"2020-08-01T21:29:49","modified_gmt":"2020-08-01T19:29:49","slug":"diario-sin-fechas-de-charles-b-white","status":"publish","type":"product","link":"https:\/\/cienfuegos.fr\/index.php\/product\/diario-sin-fechas-de-charles-b-white\/","title":{"rendered":"Diario sin fechas de Charles B. White"},"content":{"rendered":"","protected":false},"excerpt":{"rendered":"<p>Autor: Hern\u00e1ndez, Francisco<br \/>\nEditorial: Almad\u00eda<br \/>\nA\u00f1o de publicaci\u00f3n:<br \/>\nN\u00famero de p\u00e1ginas:<br \/>\nI.S.B.N : 978-607-411-122-4<\/p>\n<p>De su paso por nuestro pa\u00eds, el fot\u00f3grafo Charles B. Waite dej\u00f3 miles de im\u00e1genes que \u00e9l mismo captur\u00f3, o bien que rob\u00f3 a su colega W. Scott. Sin embargo, el artista norteamericano no escribi\u00f3 una sola palabra sobre esta experiencia. Para llenar ese vac\u00edo, Francisco Hern\u00e1ndez ha escrito el diario imaginado de Waite. En \u00e9l consigna la forma en que el paisaje pas\u00f3 a trav\u00e9s de su c\u00e1mara Hansen, no s\u00f3lo para transformarse en documento de una sensibilidad, sino para contagiar los sue\u00f1os del autor con su misterio y su erotismo. En este poemario, un extranjero se adentra en el M\u00e9xico rural de finales del siglo XIX para enfrentarse a una realidad ind\u00f3mita y asestarle el golpe de su imaginaci\u00f3n violenta, de sus deseos m\u00e1s profundos. Mientras recorre sus plazas y caminos, hace el retrato de sus costumbres y reconoce, en el rostro de personajes an\u00f3nimos, una versi\u00f3n fragmentada de su propia humanidad.<\/p>\n","protected":false},"featured_media":4658,"comment_status":"closed","ping_status":"closed","template":"","meta":[],"class_list":{"0":"post-2915","1":"product","2":"type-product","3":"status-publish","4":"has-post-thumbnail","6":"product_cat-poesia","7":"post","9":"first","10":"instock","11":"taxable","12":"shipping-taxable","13":"purchasable","14":"product-type-simple"},"_links":{"self":[{"href":"https:\/\/cienfuegos.fr\/index.php\/wp-json\/wp\/v2\/product\/2915","targetHints":{"allow":["GET"]}}],"collection":[{"href":"https:\/\/cienfuegos.fr\/index.php\/wp-json\/wp\/v2\/product"}],"about":[{"href":"https:\/\/cienfuegos.fr\/index.php\/wp-json\/wp\/v2\/types\/product"}],"replies":[{"embeddable":true,"href":"https:\/\/cienfuegos.fr\/index.php\/wp-json\/wp\/v2\/comments?post=2915"}],"wp:featuredmedia":[{"embeddable":true,"href":"https:\/\/cienfuegos.fr\/index.php\/wp-json\/wp\/v2\/media\/4658"}],"wp:attachment":[{"href":"https:\/\/cienfuegos.fr\/index.php\/wp-json\/wp\/v2\/media?parent=2915"}],"curies":[{"name":"wp","href":"https:\/\/api.w.org\/{rel}","templated":true}]}}