{"id":2911,"date":"2020-07-13T17:00:26","date_gmt":"2020-07-13T15:00:26","guid":{"rendered":"https:\/\/cienfuegos.fr\/?post_type=product&#038;p=2911"},"modified":"2020-08-01T21:38:29","modified_gmt":"2020-08-01T19:38:29","slug":"idea-cronica-2","status":"publish","type":"product","link":"https:\/\/cienfuegos.fr\/index.php\/product\/idea-cronica-2\/","title":{"rendered":"Idea cr\u00f3nica"},"content":{"rendered":"","protected":false},"excerpt":{"rendered":"<p>Autor: Cristoff, Mar\u00eda Sonia (compiladora)<br \/>\nEditorial: Beatriz Viterbo<br \/>\nA\u00f1o de publicaci\u00f3n:<br \/>\nN\u00famero de p\u00e1ginas:<br \/>\nI.S.B.N : 9789508451798<\/p>\n<p>Este volumen re\u00fane quince relatos no ficcionales de autores que, en su mayor\u00eda, provienen del \u00e1mbito de la ficci\u00f3n y de la poes\u00eda. En algunos sobresale la conjetura del ensayo; en otros la ajenidad del diario de viajes, la mascarada de la autobiograf\u00eda, la pulseada de la entrevista o la urgencia pretendidamente secreta del diario \u00edntimo; otros son una forma de clasificaci\u00f3n azarosa que bordea la ficci\u00f3n. Para no perdernos en esas b\u00fasquedas f\u00fatiles que son las nuevas etiquetas, hemos reunido estas escrituras bajo la idea de cr\u00f3nica, entendida no s\u00f3lo como el g\u00e9nero que en Am\u00e9rica latina surgi\u00f3 durante el Modernismo, sino tambi\u00e9n, como se ve en la enumeraci\u00f3n previa, a formas en algunos casos muy anteriores y, en otros, posteriores. Idea Cr\u00f3nica se propone explorar en la irrupci\u00f3n de lo real que aparece como tendencia creciente no s\u00f3lo en la literatura sino tambi\u00e9n en distintos lenguajes del arte actual. No hablamos de la m\u00edmesis del realismo tradicional ni de la lengua de los marginados como recurso fetiche: lo real ha desvelado desde siempre a los escritores y este volumen es un intento de indagar en algunas de las formas narrativas a las que ese desvelo da lugar hoy. Los textos reunidos aqu\u00ed refutan el lugar com\u00fan que opone experimento a placer de lectura.<\/p>\n","protected":false},"featured_media":4654,"comment_status":"closed","ping_status":"closed","template":"","meta":[],"class_list":{"0":"post-2911","1":"product","2":"type-product","3":"status-publish","4":"has-post-thumbnail","6":"product_cat-prosa-no-ficcion","7":"post","9":"first","10":"instock","11":"taxable","12":"shipping-taxable","13":"purchasable","14":"product-type-simple"},"_links":{"self":[{"href":"https:\/\/cienfuegos.fr\/index.php\/wp-json\/wp\/v2\/product\/2911","targetHints":{"allow":["GET"]}}],"collection":[{"href":"https:\/\/cienfuegos.fr\/index.php\/wp-json\/wp\/v2\/product"}],"about":[{"href":"https:\/\/cienfuegos.fr\/index.php\/wp-json\/wp\/v2\/types\/product"}],"replies":[{"embeddable":true,"href":"https:\/\/cienfuegos.fr\/index.php\/wp-json\/wp\/v2\/comments?post=2911"}],"wp:featuredmedia":[{"embeddable":true,"href":"https:\/\/cienfuegos.fr\/index.php\/wp-json\/wp\/v2\/media\/4654"}],"wp:attachment":[{"href":"https:\/\/cienfuegos.fr\/index.php\/wp-json\/wp\/v2\/media?parent=2911"}],"curies":[{"name":"wp","href":"https:\/\/api.w.org\/{rel}","templated":true}]}}