{"id":2906,"date":"2020-07-13T17:00:19","date_gmt":"2020-07-13T15:00:19","guid":{"rendered":"https:\/\/cienfuegos.fr\/?post_type=product&#038;p=2906"},"modified":"2020-09-05T22:50:43","modified_gmt":"2020-09-05T20:50:43","slug":"narrar-a-san-martin-2","status":"publish","type":"product","link":"https:\/\/cienfuegos.fr\/index.php\/product\/narrar-a-san-martin-2\/","title":{"rendered":"Narrar a San Mart\u00edn"},"content":{"rendered":"","protected":false},"excerpt":{"rendered":"<p>Autor:Kohan, Mart\u00edn<br \/>\nEditorial: Adriana Hidalgo<br \/>\nA\u00f1o de publicaci\u00f3n:<br \/>\nN\u00famero de p\u00e1ginas:<br \/>\nI.S.B.N : 978-987-1156-30-6<\/p>\n<p>\u00bfQu\u00e9 materiales tiene que contener una vida, y de qu\u00e9 manera esa vida debe ser narrada, para que a partir de ella pueda configurarse y consagrarse a un h\u00e9roe nacional? Este libro es un estudio cr\u00edtico de los modos en que los relatos can\u00f3nicos de la historia argentina han contado la vida de Jos\u00e9 de San Mart\u00edn, para hacer de \u00e9l un indeleble Padre de la Patria: una verdadera cifra fundante de la identidad nacional. Al recorrer estos textos, desde Sarmiento o Juan Mar\u00eda Guti\u00e9rrez hasta Ricardo Rojas, pasando por Bartolom\u00e9 Mitre, se advierte hasta qu\u00e9 punto el h\u00e9roe nacional y la identidad nacional se producen y se refuerzan mutuamente.<\/p>\n","protected":false},"featured_media":5532,"comment_status":"closed","ping_status":"closed","template":"","meta":[],"class_list":{"0":"post-2906","1":"product","2":"type-product","3":"status-publish","4":"has-post-thumbnail","6":"product_cat-ensayo","7":"post","9":"first","10":"instock","11":"taxable","12":"shipping-taxable","13":"purchasable","14":"product-type-simple"},"_links":{"self":[{"href":"https:\/\/cienfuegos.fr\/index.php\/wp-json\/wp\/v2\/product\/2906","targetHints":{"allow":["GET"]}}],"collection":[{"href":"https:\/\/cienfuegos.fr\/index.php\/wp-json\/wp\/v2\/product"}],"about":[{"href":"https:\/\/cienfuegos.fr\/index.php\/wp-json\/wp\/v2\/types\/product"}],"replies":[{"embeddable":true,"href":"https:\/\/cienfuegos.fr\/index.php\/wp-json\/wp\/v2\/comments?post=2906"}],"wp:featuredmedia":[{"embeddable":true,"href":"https:\/\/cienfuegos.fr\/index.php\/wp-json\/wp\/v2\/media\/5532"}],"wp:attachment":[{"href":"https:\/\/cienfuegos.fr\/index.php\/wp-json\/wp\/v2\/media?parent=2906"}],"curies":[{"name":"wp","href":"https:\/\/api.w.org\/{rel}","templated":true}]}}