{"id":2904,"date":"2020-07-13T17:00:16","date_gmt":"2020-07-13T15:00:16","guid":{"rendered":"https:\/\/cienfuegos.fr\/?post_type=product&#038;p=2904"},"modified":"2020-08-01T22:30:09","modified_gmt":"2020-08-01T20:30:09","slug":"una-poesia-del-futuro-conversaciones-con-juan-l-ortiz","status":"publish","type":"product","link":"https:\/\/cienfuegos.fr\/index.php\/product\/una-poesia-del-futuro-conversaciones-con-juan-l-ortiz\/","title":{"rendered":"Una poes\u00eda del futuro. Conversaciones con Juan L. Ortiz"},"content":{"rendered":"","protected":false},"excerpt":{"rendered":"<p>Autor: AAVV<br \/>\nEditorial: Mansalva<br \/>\nA\u00f1o de publicaci\u00f3n:<br \/>\nN\u00famero de p\u00e1ginas:<br \/>\nI.S.B.N : 9789873728334<\/p>\n<p>El descubrimiento period\u00edstico de Juan L. Ortiz comenz\u00f3 a partir de la publicaci\u00f3n de En el aura del sauce, la primera edici\u00f3n de su obra completa. A partir de entonces se produce una inflexi\u00f3n en su imagen: es \u201cel poeta que ignoraron\u201d, como lo presenta Francisco Urondo, el que fue marginado del reconocimiento social, la academia y la sociabilidad literaria y en consecuencia, por lo menos en principio, interesa desde ese \u00e1ngulo a quienes lo entrevistan. Pero Juan L. no fue un hombre aislado ni desentendido de su tiempo sino, por el contrario, un escritor insertado con plena conciencia en el campo cultural. Las entrevistas incluidas en Una poes\u00eda del futuro pueden ser inscriptas entonces en una secuencia m\u00e1s amplia, desde el momento en que Ortiz y su obra se constituyeron en el n\u00facleo de una nueva tradici\u00f3n y en un lugar de peregrinaci\u00f3n para poetas y periodistas. Las experiencias de infancia, las primeras lecturas, el per\u00edodo que pas\u00f3 en Buenos Aires y el regreso a la provincia, son algunos de los episodios que rememora en estas entrevistas. Los di\u00e1logos de Ortiz rescatan adem\u00e1s el descubrimiento de los simbolistas, la impresi\u00f3n que le provocaron Rub\u00e9n Dar\u00edo y Salvadora Medina Onrubia, entre otros personajes a los que conoci\u00f3 en Buenos Aires, el viaje que realiz\u00f3 por la Uni\u00f3n Sovi\u00e9tica y China, la influencia de Carlos Mastronardi, la importancia de Gerarda Irazusta, su comapa\u00f1era. \u201cSu vida, como toda su obra po\u00e9tica \u2013dijo Juana Bignozzi\u2013, es una permanencia, una reafirmaci\u00f3n, el alimentar la supervivencia de ciertas sensaciones. Si leemos algunos poemas ya sabemos su obra; lo que puede impulsarnos a seguir es saber c\u00f3mo ha hecho este poeta para mantener en pie durante 60 a\u00f1os todo ese aire, esa luz, su paisaje\u201d. Un misterio que atraviesa con gracia singular esta nueva edici\u00f3n de Una poes\u00eda del futuro: conversaciones con Juan L. Ortiz.<br \/>\nOsvaldo Aguirre<\/p>\n","protected":false},"featured_media":4647,"comment_status":"closed","ping_status":"closed","template":"","meta":[],"class_list":{"0":"post-2904","1":"product","2":"type-product","3":"status-publish","4":"has-post-thumbnail","6":"product_cat-estudios_literarios","7":"post","9":"first","10":"instock","11":"taxable","12":"shipping-taxable","13":"purchasable","14":"product-type-simple"},"_links":{"self":[{"href":"https:\/\/cienfuegos.fr\/index.php\/wp-json\/wp\/v2\/product\/2904","targetHints":{"allow":["GET"]}}],"collection":[{"href":"https:\/\/cienfuegos.fr\/index.php\/wp-json\/wp\/v2\/product"}],"about":[{"href":"https:\/\/cienfuegos.fr\/index.php\/wp-json\/wp\/v2\/types\/product"}],"replies":[{"embeddable":true,"href":"https:\/\/cienfuegos.fr\/index.php\/wp-json\/wp\/v2\/comments?post=2904"}],"wp:featuredmedia":[{"embeddable":true,"href":"https:\/\/cienfuegos.fr\/index.php\/wp-json\/wp\/v2\/media\/4647"}],"wp:attachment":[{"href":"https:\/\/cienfuegos.fr\/index.php\/wp-json\/wp\/v2\/media?parent=2904"}],"curies":[{"name":"wp","href":"https:\/\/api.w.org\/{rel}","templated":true}]}}