{"id":2903,"date":"2020-07-13T17:00:14","date_gmt":"2020-07-13T15:00:14","guid":{"rendered":"https:\/\/cienfuegos.fr\/?post_type=product&#038;p=2903"},"modified":"2020-08-01T22:40:11","modified_gmt":"2020-08-01T20:40:11","slug":"prosa-plebeya-2","status":"publish","type":"product","link":"https:\/\/cienfuegos.fr\/index.php\/product\/prosa-plebeya-2\/","title":{"rendered":"Prosa plebeya"},"content":{"rendered":"","protected":false},"excerpt":{"rendered":"<p>Autor: Perlongher, N\u00e9stor<br \/>\nEditorial: Excursiones<br \/>\nA\u00f1o de publicaci\u00f3n:<br \/>\nN\u00famero de p\u00e1ginas:<br \/>\nI.S.B.N:<\/p>\n<p>Prosa plebeya re\u00fane los ensayos m\u00e1s representativos de N\u00e9stor Perlongher publicados entre 1980 y 1992 en diferentes revistas culturales. La recopilaci\u00f3n hecha por Osvaldo Baigorria y Christian Ferrer gira en torno a las pol\u00edticas del deseo, la deriva homosexual, la est\u00e9tica neobarroca, las formas del \u00e9xtasis, la guerra de Malvinas y la figura de Eva Per\u00f3n.<\/p>\n","protected":false},"featured_media":4648,"comment_status":"closed","ping_status":"closed","template":"","meta":[],"class_list":{"0":"post-2903","1":"product","2":"type-product","3":"status-publish","4":"has-post-thumbnail","6":"product_cat-ensayo","7":"post","9":"first","10":"instock","11":"taxable","12":"shipping-taxable","13":"purchasable","14":"product-type-simple"},"_links":{"self":[{"href":"https:\/\/cienfuegos.fr\/index.php\/wp-json\/wp\/v2\/product\/2903","targetHints":{"allow":["GET"]}}],"collection":[{"href":"https:\/\/cienfuegos.fr\/index.php\/wp-json\/wp\/v2\/product"}],"about":[{"href":"https:\/\/cienfuegos.fr\/index.php\/wp-json\/wp\/v2\/types\/product"}],"replies":[{"embeddable":true,"href":"https:\/\/cienfuegos.fr\/index.php\/wp-json\/wp\/v2\/comments?post=2903"}],"wp:featuredmedia":[{"embeddable":true,"href":"https:\/\/cienfuegos.fr\/index.php\/wp-json\/wp\/v2\/media\/4648"}],"wp:attachment":[{"href":"https:\/\/cienfuegos.fr\/index.php\/wp-json\/wp\/v2\/media?parent=2903"}],"curies":[{"name":"wp","href":"https:\/\/api.w.org\/{rel}","templated":true}]}}