{"id":2902,"date":"2020-07-13T17:00:13","date_gmt":"2020-07-13T15:00:13","guid":{"rendered":"https:\/\/cienfuegos.fr\/?post_type=product&#038;p=2902"},"modified":"2020-08-01T22:42:06","modified_gmt":"2020-08-01T20:42:06","slug":"como-se-empieza-a-narrar-2","status":"publish","type":"product","link":"https:\/\/cienfuegos.fr\/index.php\/product\/como-se-empieza-a-narrar-2\/","title":{"rendered":"C\u00f3mo se empieza a narrar"},"content":{"rendered":"","protected":false},"excerpt":{"rendered":"<p>Autor: AAVV; Fondebrider, Jorge (compilador)<br \/>\nEditorial: LOM<br \/>\nA\u00f1o de publicaci\u00f3n:<br \/>\nN\u00famero de p\u00e1ginas:<br \/>\nI.S.B.N : 9789560005786<\/p>\n<p>Son textos que nacen de la experiencia, tentativos y fr\u00e1giles como muchas cosas que tienen que ver con la creaci\u00f3n literaria; y que tienen el m\u00e9rito de poder ser le\u00eddos como interesantes aproximaciones al oficio de escribir, y tambi\u00e9n como entretenidos relatos de escritores y escritoras que nos hablan del desaf\u00edo de enfrentar la pantalla o la hoja en blanco. (Ram\u00f3n D\u00edaz Eterovic).<\/p>\n","protected":false},"featured_media":4649,"comment_status":"closed","ping_status":"closed","template":"","meta":[],"class_list":{"0":"post-2902","1":"product","2":"type-product","3":"status-publish","4":"has-post-thumbnail","6":"product_cat-estudios_literarios","7":"post","9":"first","10":"instock","11":"taxable","12":"shipping-taxable","13":"purchasable","14":"product-type-simple"},"_links":{"self":[{"href":"https:\/\/cienfuegos.fr\/index.php\/wp-json\/wp\/v2\/product\/2902","targetHints":{"allow":["GET"]}}],"collection":[{"href":"https:\/\/cienfuegos.fr\/index.php\/wp-json\/wp\/v2\/product"}],"about":[{"href":"https:\/\/cienfuegos.fr\/index.php\/wp-json\/wp\/v2\/types\/product"}],"replies":[{"embeddable":true,"href":"https:\/\/cienfuegos.fr\/index.php\/wp-json\/wp\/v2\/comments?post=2902"}],"wp:featuredmedia":[{"embeddable":true,"href":"https:\/\/cienfuegos.fr\/index.php\/wp-json\/wp\/v2\/media\/4649"}],"wp:attachment":[{"href":"https:\/\/cienfuegos.fr\/index.php\/wp-json\/wp\/v2\/media?parent=2902"}],"curies":[{"name":"wp","href":"https:\/\/api.w.org\/{rel}","templated":true}]}}