{"id":2900,"date":"2020-07-13T17:00:09","date_gmt":"2020-07-13T15:00:09","guid":{"rendered":"https:\/\/cienfuegos.fr\/?post_type=product&#038;p=2900"},"modified":"2020-08-01T22:45:06","modified_gmt":"2020-08-01T20:45:06","slug":"mayo-frances-la-camara-opaca-2","status":"publish","type":"product","link":"https:\/\/cienfuegos.fr\/index.php\/product\/mayo-frances-la-camara-opaca-2\/","title":{"rendered":"Mayo franc\u00e9s. La c\u00e1mara opaca"},"content":{"rendered":"","protected":false},"excerpt":{"rendered":"<p>Autor: Comolli, Jean-Louis<br \/>\nEditorial: Cuenco de Plata<br \/>\nA\u00f1o de publicaci\u00f3n:<br \/>\nN\u00famero de p\u00e1ginas:<br \/>\nI.S.B.N : 978-987-3743-53-5<\/p>\n<p>En los a\u00f1os posteriores al Mayo Franc\u00e9s, el debate entre las m\u00edticas revistas Cahiers du cin\u00e9ma, Cin\u00e9thique y La Nouvelle Critique fue el intento m\u00e1s pertinaz de expulsar al cine del pl\u00e1cido sitial que hab\u00eda ocupado como un registro fidedigno del mundo. Se volvi\u00f3 la mirada en la direcci\u00f3n opuesta, \u201cprohibida\u201d: la de la c\u00e1mara y su andamiaje t\u00e9cnico, la de los fundamentos ps\u00edquicos y ideol\u00f3gicos de la visi\u00f3n por ella impuesta; en suma, la de ese rec\u00f3ndito \u201clado oscuro\u201d de la representaci\u00f3n f\u00edlmica. As\u00ed, los mecanismos no\u2011visibles del cine fueron analizados como el reverso exacto de su gratificante l\u00f3gica de la transparencia; lo que estaba en juego eran las formas solapadas de control de los individuos. El mayor legado de aquellos a\u00f1os fue, sin dudas, el entrelazamiento del proceso pol\u00edtico y te\u00f3rico con el fin de desentra\u00f1ar esas opacidades.<\/p>\n","protected":false},"featured_media":4652,"comment_status":"closed","ping_status":"closed","template":"","meta":[],"class_list":{"0":"post-2900","1":"product","2":"type-product","3":"status-publish","4":"has-post-thumbnail","6":"product_cat-ensayo-cine","7":"post","9":"first","10":"instock","11":"taxable","12":"shipping-taxable","13":"purchasable","14":"product-type-simple"},"_links":{"self":[{"href":"https:\/\/cienfuegos.fr\/index.php\/wp-json\/wp\/v2\/product\/2900","targetHints":{"allow":["GET"]}}],"collection":[{"href":"https:\/\/cienfuegos.fr\/index.php\/wp-json\/wp\/v2\/product"}],"about":[{"href":"https:\/\/cienfuegos.fr\/index.php\/wp-json\/wp\/v2\/types\/product"}],"replies":[{"embeddable":true,"href":"https:\/\/cienfuegos.fr\/index.php\/wp-json\/wp\/v2\/comments?post=2900"}],"wp:featuredmedia":[{"embeddable":true,"href":"https:\/\/cienfuegos.fr\/index.php\/wp-json\/wp\/v2\/media\/4652"}],"wp:attachment":[{"href":"https:\/\/cienfuegos.fr\/index.php\/wp-json\/wp\/v2\/media?parent=2900"}],"curies":[{"name":"wp","href":"https:\/\/api.w.org\/{rel}","templated":true}]}}