{"id":2899,"date":"2020-07-13T17:00:07","date_gmt":"2020-07-13T15:00:07","guid":{"rendered":"https:\/\/cienfuegos.fr\/?post_type=product&#038;p=2899"},"modified":"2020-09-06T03:51:26","modified_gmt":"2020-09-06T01:51:26","slug":"borges-y-la-traduccion-4","status":"publish","type":"product","link":"https:\/\/cienfuegos.fr\/index.php\/product\/borges-y-la-traduccion-4\/","title":{"rendered":"Borges y la traducci\u00f3n"},"content":{"rendered":"","protected":false},"excerpt":{"rendered":"<p>Autor: Waisman, Sergio<br \/>\nEditorial: Adriana Hidalgo<br \/>\nA\u00f1o de publicaci\u00f3n:<br \/>\nN\u00famero de p\u00e1ginas:<br \/>\nI.S.B.N : 978-987-1156-27-6<\/p>\n<p>\u00abCon agudeza e infinita paciencia, Sergio Waisman rastrea la marca de la traducci\u00f3n en Borges. M\u00e1s que mera pr\u00e1ctica ?el autor analiza varias de las deleitosamente arbitrarias versiones hechas por el propio Borges? la traducci\u00f3n, propone Waisman, es un concepto cr\u00edtico fecundo, que significa para Borges una manera de leer y pensar la literatura: la \u00fanica posible. La supuesta limitaci\u00f3n de esta propuesta ?la lectura (o la traducci\u00f3n) como borrador, como desv\u00edo, o como complemento de un ?original? para siempre postergado? es ilusoria. Como bien se\u00f1ala Waisman, tal vez el m\u00e9rito principal de este libro inteligente, la m\u00faltiple y para siempre cambiante traducci\u00f3n es para Borges testimonio de la infinita riqueza de la literatura.\u00bb Silvia Molloy.<\/p>\n","protected":false},"featured_media":0,"comment_status":"closed","ping_status":"closed","template":"","meta":[],"class_list":{"0":"post-2899","1":"product","2":"type-product","3":"status-publish","5":"product_cat-ensayo","6":"post","8":"first","9":"instock","10":"taxable","11":"shipping-taxable","12":"purchasable","13":"product-type-simple"},"_links":{"self":[{"href":"https:\/\/cienfuegos.fr\/index.php\/wp-json\/wp\/v2\/product\/2899","targetHints":{"allow":["GET"]}}],"collection":[{"href":"https:\/\/cienfuegos.fr\/index.php\/wp-json\/wp\/v2\/product"}],"about":[{"href":"https:\/\/cienfuegos.fr\/index.php\/wp-json\/wp\/v2\/types\/product"}],"replies":[{"embeddable":true,"href":"https:\/\/cienfuegos.fr\/index.php\/wp-json\/wp\/v2\/comments?post=2899"}],"wp:attachment":[{"href":"https:\/\/cienfuegos.fr\/index.php\/wp-json\/wp\/v2\/media?parent=2899"}],"curies":[{"name":"wp","href":"https:\/\/api.w.org\/{rel}","templated":true}]}}