{"id":2888,"date":"2020-07-13T16:59:51","date_gmt":"2020-07-13T14:59:51","guid":{"rendered":"https:\/\/cienfuegos.fr\/?post_type=product&#038;p=2888"},"modified":"2020-08-09T00:39:55","modified_gmt":"2020-08-08T22:39:55","slug":"el-gaucho-y-el-caballo-2","status":"publish","type":"product","link":"https:\/\/cienfuegos.fr\/index.php\/product\/el-gaucho-y-el-caballo-2\/","title":{"rendered":"El gaucho y el caballo"},"content":{"rendered":"","protected":false},"excerpt":{"rendered":"<p>Autor: Katchadjian, Pablo<br \/>\nEditorial: Blatt y R\u00edos<br \/>\nA\u00f1o de publicaci\u00f3n:<br \/>\nN\u00famero de p\u00e1ginas:<br \/>\nI.S.B.N : 9789873616624<\/p>\n<p>El caballo y el gaucho es un libro de relatos que pueden ser cuentos, ensayos, f\u00e1bulas, poemas en prosa, leyendas. Cada relato desarrolla plenamente una idea y postula un mundo complejo que se resuelve en pocas p\u00e1ginas. El m\u00e9todo, desde el t\u00edtulo, es dial\u00e9ctico. La vida y la muerte, los sue\u00f1os y las guerras, los ancestros y el amor, la l\u00f3gica y el sentido, el arte y la creaci\u00f3n, el poder y la escritura. Estos temas, que nos vienen del orden de la lengua y la cultura, no siempre est\u00e1n planteados en cada relato como dualidad, muchas veces un relato resuena en otro y aparece el espejismo de una explicaci\u00f3n, de una s\u00edntesis. Pero la tradici\u00f3n dial\u00e9ctica es en realidad para este libro el fil\u00f3n inagotable y la oportunidad de la literatura. Memorias falsas, escenas, leyendas, an\u00e9cdotas se descuelgan con toda la fuerza del relato sobre ese tesoro civilizado de las contradicciones y lo vuelve a su estado salvaje. Como cada vez que se aburre de s\u00ed misma, la literatura sale en El caballo y el gaucho a renovarse buscando cuentos perdidos en las grandes explicaciones del mundo.<\/p>\n","protected":false},"featured_media":0,"comment_status":"closed","ping_status":"closed","template":"","meta":[],"class_list":{"0":"post-2888","1":"product","2":"type-product","3":"status-publish","5":"product_cat-narrativa","6":"post","8":"first","9":"outofstock","10":"taxable","11":"shipping-taxable","12":"purchasable","13":"product-type-simple"},"_links":{"self":[{"href":"https:\/\/cienfuegos.fr\/index.php\/wp-json\/wp\/v2\/product\/2888","targetHints":{"allow":["GET"]}}],"collection":[{"href":"https:\/\/cienfuegos.fr\/index.php\/wp-json\/wp\/v2\/product"}],"about":[{"href":"https:\/\/cienfuegos.fr\/index.php\/wp-json\/wp\/v2\/types\/product"}],"replies":[{"embeddable":true,"href":"https:\/\/cienfuegos.fr\/index.php\/wp-json\/wp\/v2\/comments?post=2888"}],"wp:attachment":[{"href":"https:\/\/cienfuegos.fr\/index.php\/wp-json\/wp\/v2\/media?parent=2888"}],"curies":[{"name":"wp","href":"https:\/\/api.w.org\/{rel}","templated":true}]}}