{"id":2887,"date":"2020-07-13T16:59:49","date_gmt":"2020-07-13T14:59:49","guid":{"rendered":"https:\/\/cienfuegos.fr\/?post_type=product&#038;p=2887"},"modified":"2020-09-13T16:07:11","modified_gmt":"2020-09-13T14:07:11","slug":"lemebel-oral-entrevistas-2","status":"publish","type":"product","link":"https:\/\/cienfuegos.fr\/index.php\/product\/lemebel-oral-entrevistas-2\/","title":{"rendered":"Lemebel oral (entrevistas)"},"content":{"rendered":"","protected":false},"excerpt":{"rendered":"<p>Autor: AAVV<br \/>\nEditorial: Mansalva<br \/>\nA\u00f1o de publicaci\u00f3n:<br \/>\nN\u00famero de p\u00e1ginas:<br \/>\nI.S.B.N : 9789873728792<\/p>\n<p>Pedro Lemebel antes de escritor fue artista, y antes, artesano; pero m\u00e1s atr\u00e1s profesor de arte y en un principio ese ni\u00f1o proletario que junto a su madre y abuela mientras escuchaba la radio, se sinti\u00f3 llamado a hacer grandes cosas. Dickens, Perlongher y la travesti de la esquina, Foucault y un papagayo, a los que ley\u00f3 y supo amar para mezclarlos en su lengua filosa, marginal, comunista e incendiaria, construida desde los m\u00e1rgenes para la Revoluci\u00f3n. Gonzalo Le\u00f3n, a trav\u00e9s de un exhaustivo trabajo de archivo y de b\u00fasqueda detectivesca reuni\u00f3, compil\u00f3 y anot\u00f3 estas cuarenta conversaciones, mantenidas con cronistas sudamericanxs, haciendo de Lemebel Oral, una especie de autobiograf\u00eda, esa que Pedro Lemebel nunca quiso escribir.<\/p>\n","protected":false},"featured_media":0,"comment_status":"closed","ping_status":"closed","template":"","meta":[],"class_list":{"0":"post-2887","1":"product","2":"type-product","3":"status-publish","5":"product_cat-estudios_literarios","6":"post","8":"first","9":"onbackorder","10":"taxable","11":"shipping-taxable","12":"purchasable","13":"product-type-simple"},"_links":{"self":[{"href":"https:\/\/cienfuegos.fr\/index.php\/wp-json\/wp\/v2\/product\/2887","targetHints":{"allow":["GET"]}}],"collection":[{"href":"https:\/\/cienfuegos.fr\/index.php\/wp-json\/wp\/v2\/product"}],"about":[{"href":"https:\/\/cienfuegos.fr\/index.php\/wp-json\/wp\/v2\/types\/product"}],"replies":[{"embeddable":true,"href":"https:\/\/cienfuegos.fr\/index.php\/wp-json\/wp\/v2\/comments?post=2887"}],"wp:attachment":[{"href":"https:\/\/cienfuegos.fr\/index.php\/wp-json\/wp\/v2\/media?parent=2887"}],"curies":[{"name":"wp","href":"https:\/\/api.w.org\/{rel}","templated":true}]}}