{"id":2886,"date":"2020-07-13T16:59:48","date_gmt":"2020-07-13T14:59:48","guid":{"rendered":"https:\/\/cienfuegos.fr\/?post_type=product&#038;p=2886"},"modified":"2020-08-02T00:01:19","modified_gmt":"2020-08-01T22:01:19","slug":"los-aprendices-de-sais-cuento-simbolico-la-cristiandad-o-europa-2","status":"publish","type":"product","link":"https:\/\/cienfuegos.fr\/index.php\/product\/los-aprendices-de-sais-cuento-simbolico-la-cristiandad-o-europa-2\/","title":{"rendered":"Los aprendices de Sais. Cuento simb\u00f3lico. La cristiandad o Europa"},"content":{"rendered":"","protected":false},"excerpt":{"rendered":"<p>Autor: Novalis<br \/>\nEditorial: Pontificia universidad cat\u00f3lica<br \/>\nA\u00f1o de publicaci\u00f3n:<br \/>\nN\u00famero de p\u00e1ginas:<br \/>\nI.S.B.N:<\/p>\n<p>Traducci\u00f3n e introducci\u00f3n de Julio Aramayo Perla. Colecci\u00f3n dirigida por Ricardo Silva-Santisteban, edici\u00f3n numerada de 600 ejemplares, ejemplar n 373<\/p>\n","protected":false},"featured_media":0,"comment_status":"closed","ping_status":"closed","template":"","meta":[],"class_list":{"0":"post-2886","1":"product","2":"type-product","3":"status-publish","5":"product_cat-narrativa","6":"post","8":"first","9":"instock","10":"taxable","11":"shipping-taxable","12":"purchasable","13":"product-type-simple"},"_links":{"self":[{"href":"https:\/\/cienfuegos.fr\/index.php\/wp-json\/wp\/v2\/product\/2886","targetHints":{"allow":["GET"]}}],"collection":[{"href":"https:\/\/cienfuegos.fr\/index.php\/wp-json\/wp\/v2\/product"}],"about":[{"href":"https:\/\/cienfuegos.fr\/index.php\/wp-json\/wp\/v2\/types\/product"}],"replies":[{"embeddable":true,"href":"https:\/\/cienfuegos.fr\/index.php\/wp-json\/wp\/v2\/comments?post=2886"}],"wp:attachment":[{"href":"https:\/\/cienfuegos.fr\/index.php\/wp-json\/wp\/v2\/media?parent=2886"}],"curies":[{"name":"wp","href":"https:\/\/api.w.org\/{rel}","templated":true}]}}