{"id":2884,"date":"2020-07-13T16:59:45","date_gmt":"2020-07-13T14:59:45","guid":{"rendered":"https:\/\/cienfuegos.fr\/?post_type=product&#038;p=2884"},"modified":"2020-08-09T07:07:57","modified_gmt":"2020-08-09T05:07:57","slug":"una-forma-mas-real-que-la-del-mundo-conversaciones-compiladas-por-martin-prieto-2","status":"publish","type":"product","link":"https:\/\/cienfuegos.fr\/index.php\/product\/una-forma-mas-real-que-la-del-mundo-conversaciones-compiladas-por-martin-prieto-2\/","title":{"rendered":"Una forma m\u00e1s real que la del mundo. Conversaciones compiladas por Mart\u00edn Prieto"},"content":{"rendered":"","protected":false},"excerpt":{"rendered":"<p>Autor: Saer, Juan Jos\u00e9<br \/>\nEditorial: Mansalva<br \/>\nA\u00f1o de publicaci\u00f3n:<br \/>\nN\u00famero de p\u00e1ginas:<br \/>\nI.S.B.N : 9789873728372<\/p>\n<p>La publicaci\u00f3n, a principios de los a\u00f1os 90, casi en continuado, de El r\u00edo sin orillas, Lo imborrable y La pesquisa y la reedici\u00f3n, a partir de entonces, de toda su obra \u2013que ya sumaba una extensa decena de t\u00edtulos\u2013 en una de las mayores editoriales de la Argentina promovi\u00f3 una inusitada presencia de Juan Jos\u00e9 Saer en los medios gr\u00e1ficos: anticipos de sus nuevos libros, anticipos de los viejos libros agotados o descatalogados, rese\u00f1as y entrevistas. Much\u00edsimas entrevistas. El adorniano Saer, aquel que parec\u00eda haber hecho propia la figura de Witold Gombrowicz \u2013\u201cel escritor no es nada, nadie\u201d\u2013 se somete, en Una forma m\u00e1s real que la del mundo, a las exigencias de la industria cultural.Los entrevistadores quieren saber. Y puestos a saber, quieren saber todo. Desde el argumento de Nadie nada nunca hasta si Saer \u201cse considera un hombre feliz\u201d. Sin embargo, toda la parafernalia de la intimidad del autor queda resguardada detr\u00e1s de una potente figura que va siempre detr\u00e1s de su obra. Y lo personal, lo \u00edntimo, queda reducido a lo que los cronistas \u201cven\u201d antes de que empiece la conversaci\u00f3n. Si est\u00e1 descalzo. Si tiene puestas unas sandalias franciscanas. Si los zapatos parecen viejos. Si la camisa est\u00e1 entreabierta. Si tiene puesta la misma ropa que \u201cayer\u201d. Si toma whisky. Si toma agua. Si fuma mucho. Si est\u00e1 en su casa, en Par\u00eds. O en la casa de unos amigos (en Buenos Aires, o en Colastin\u00e9). O en un bar. O en un hotel. O en un auto. Inmediatamente despu\u00e9s de esa impresi\u00f3n de superficie, que es todo lo que Saer \u201cdeja ver\u201d a sus interlocutores de ese otro que tambi\u00e9n es \u00e9l, se pone a hablar.<\/p>\n","protected":false},"featured_media":0,"comment_status":"closed","ping_status":"closed","template":"","meta":[],"class_list":{"0":"post-2884","1":"product","2":"type-product","3":"status-publish","5":"product_cat-estudios_literarios","6":"post","8":"first","9":"instock","10":"taxable","11":"shipping-taxable","12":"purchasable","13":"product-type-simple"},"_links":{"self":[{"href":"https:\/\/cienfuegos.fr\/index.php\/wp-json\/wp\/v2\/product\/2884","targetHints":{"allow":["GET"]}}],"collection":[{"href":"https:\/\/cienfuegos.fr\/index.php\/wp-json\/wp\/v2\/product"}],"about":[{"href":"https:\/\/cienfuegos.fr\/index.php\/wp-json\/wp\/v2\/types\/product"}],"replies":[{"embeddable":true,"href":"https:\/\/cienfuegos.fr\/index.php\/wp-json\/wp\/v2\/comments?post=2884"}],"wp:attachment":[{"href":"https:\/\/cienfuegos.fr\/index.php\/wp-json\/wp\/v2\/media?parent=2884"}],"curies":[{"name":"wp","href":"https:\/\/api.w.org\/{rel}","templated":true}]}}