{"id":288302,"date":"2025-08-03T10:37:42","date_gmt":"2025-08-03T08:37:42","guid":{"rendered":"https:\/\/cienfuegos.fr\/?post_type=product&#038;p=288302"},"modified":"2025-09-27T20:00:08","modified_gmt":"2025-09-27T18:00:08","slug":"club-libreria-cien-fuegos","status":"publish","type":"product","link":"https:\/\/cienfuegos.fr\/index.php\/product\/club-libreria-cien-fuegos\/","title":{"rendered":"Club Librer\u00eda Cien Fuegos"},"content":{"rendered":"","protected":false},"excerpt":{"rendered":"<p>Con tu cuota, que tiene un valor de 40 euros y <b>validez de un a\u00f1o<\/b>, recib\u00eds la tarjeta de adhesi\u00f3n al Club. Esta supone una serie de<b> beneficios<\/b>.<\/p>\n<ol>\n<li><i>Los adherentes tienen descuentos en libros (10 % en libros de segunda mano, 5% en libros nuevos), as\u00ed como en las diferentes actividades y talleres organizados por\u00a0 la librer\u00eda.<\/i><\/li>\n<li><i>La adhesi\u00f3n funciona tambi\u00e9n como un bono de compra por la mitad de su valor. Presentando la tarjeta del club la primera vez puedes llevarte uno o m\u00e1s libros hasta 20 euros.<\/i><\/li>\n<li><i>La adhesi\u00f3n tambi\u00e9n permite asistir gratis a 3 sesiones del club de lectura que organizaremos mensualmente en la librer\u00eda.<\/i><\/li>\n<\/ol>\n<p><b>Con tu adhesi\u00f3n est\u00e1s contribuyendo a \u00a0sostener la \u00fanica librer\u00eda especializada en lengua espa\u00f1ola en Par\u00eds y en toda Francia<\/b>. Apoyar la librer\u00eda significa apoyar un espacio de intercambio, \u00a0de difusi\u00f3n de la literatura latinoamericana y espa\u00f1ola, que es tambi\u00e9n un lugar vivencias, de v\u00ednculos y de memoria.<\/p>\n","protected":false},"featured_media":276713,"comment_status":"open","ping_status":"closed","template":"","meta":[],"class_list":{"0":"post-288302","1":"product","2":"type-product","3":"status-publish","4":"has-post-thumbnail","6":"product_cat-uncategorized","7":"post","9":"first","10":"instock","11":"taxable","12":"shipping-taxable","13":"purchasable","14":"product-type-simple"},"_links":{"self":[{"href":"https:\/\/cienfuegos.fr\/index.php\/wp-json\/wp\/v2\/product\/288302","targetHints":{"allow":["GET"]}}],"collection":[{"href":"https:\/\/cienfuegos.fr\/index.php\/wp-json\/wp\/v2\/product"}],"about":[{"href":"https:\/\/cienfuegos.fr\/index.php\/wp-json\/wp\/v2\/types\/product"}],"replies":[{"embeddable":true,"href":"https:\/\/cienfuegos.fr\/index.php\/wp-json\/wp\/v2\/comments?post=288302"}],"wp:featuredmedia":[{"embeddable":true,"href":"https:\/\/cienfuegos.fr\/index.php\/wp-json\/wp\/v2\/media\/276713"}],"wp:attachment":[{"href":"https:\/\/cienfuegos.fr\/index.php\/wp-json\/wp\/v2\/media?parent=288302"}],"curies":[{"name":"wp","href":"https:\/\/api.w.org\/{rel}","templated":true}]}}