{"id":2882,"date":"2020-07-13T16:59:42","date_gmt":"2020-07-13T14:59:42","guid":{"rendered":"https:\/\/cienfuegos.fr\/?post_type=product&#038;p=2882"},"modified":"2020-09-06T02:45:53","modified_gmt":"2020-09-06T00:45:53","slug":"el-cuerpo-del-delito-un-manual-2","status":"publish","type":"product","link":"https:\/\/cienfuegos.fr\/index.php\/product\/el-cuerpo-del-delito-un-manual-2\/","title":{"rendered":"El cuerpo del delito. Un manual"},"content":{"rendered":"","protected":false},"excerpt":{"rendered":"<p>Autor: Ludmer, Josefina<br \/>\nEditorial: Eterna Cadencia<br \/>\nA\u00f1o de publicaci\u00f3n:<br \/>\nN\u00famero de p\u00e1ginas:<br \/>\nI.S.B.N : 9789871673339<\/p>\n<p>Una obra monumental y de referencia ineludible para la cr\u00edtica de la literatura argentina. Josefina Ludmer relee, con una mirada atenta a la historia y la pol\u00edtica, los textos de la literatura argentina a partir del delito. El delito -sostiene siguiendo a Marx y Freud- est\u00e1 en todos los campos, y por ello, es un instrumento cr\u00edtico ideal: una frontera m\u00f3vil y cambiante que no solo sirve para separar la cultura de la no cultura, sino tambi\u00e9n para articular diferentes zonas, como el Estado, la pol\u00edtica, los sujetos, la literatura. Ludmer combina de manera audaz fragmentos de diversas ficciones -de Holmberg, Lugones, Quiroga, Soiza Reilly, Bianco, Mujica L\u00e1inez, Arlt, Borges, Puig, Aira, entre otros- para conformar el cuerpo del delito: cuentos de mujeres, jud\u00edos, h\u00e9roes populares, genios, artistas; sujetos excluidos en su momento de la conformaci\u00f3n del imaginario nacional, y por eso mismo, protagonistas en la literatura del delito.<\/p>\n","protected":false},"featured_media":0,"comment_status":"closed","ping_status":"closed","template":"","meta":[],"class_list":{"0":"post-2882","1":"product","2":"type-product","3":"status-publish","5":"product_cat-estudios_literarios","6":"post","8":"first","9":"instock","10":"taxable","11":"shipping-taxable","12":"purchasable","13":"product-type-simple"},"_links":{"self":[{"href":"https:\/\/cienfuegos.fr\/index.php\/wp-json\/wp\/v2\/product\/2882","targetHints":{"allow":["GET"]}}],"collection":[{"href":"https:\/\/cienfuegos.fr\/index.php\/wp-json\/wp\/v2\/product"}],"about":[{"href":"https:\/\/cienfuegos.fr\/index.php\/wp-json\/wp\/v2\/types\/product"}],"replies":[{"embeddable":true,"href":"https:\/\/cienfuegos.fr\/index.php\/wp-json\/wp\/v2\/comments?post=2882"}],"wp:attachment":[{"href":"https:\/\/cienfuegos.fr\/index.php\/wp-json\/wp\/v2\/media?parent=2882"}],"curies":[{"name":"wp","href":"https:\/\/api.w.org\/{rel}","templated":true}]}}