{"id":2881,"date":"2020-07-13T16:59:40","date_gmt":"2020-07-13T14:59:40","guid":{"rendered":"https:\/\/cienfuegos.fr\/?post_type=product&#038;p=2881"},"modified":"2020-08-02T00:10:27","modified_gmt":"2020-08-01T22:10:27","slug":"la-patria-del-lenguaje-2","status":"publish","type":"product","link":"https:\/\/cienfuegos.fr\/index.php\/product\/la-patria-del-lenguaje-2\/","title":{"rendered":"La patria del lenguaje"},"content":{"rendered":"","protected":false},"excerpt":{"rendered":"<p>Autor: Pitol, Sergio<br \/>\nEditorial: Corregidor<br \/>\nA\u00f1o de publicaci\u00f3n:<br \/>\nN\u00famero de p\u00e1ginas:<br \/>\nI.S.B.N :<\/p>\n<p>Lecturas y escrituras latinoamericanas, selecci\u00f3n y pr\u00f3logo de Mar\u00eda Martha Gigena, textos cr\u00edticos de Carlos Monsiv\u00e1is, Reinaldo Laddaga y Jorge Volpi, Corregidor, 2013, 272 p\u00e1gs<\/p>\n","protected":false},"featured_media":0,"comment_status":"closed","ping_status":"closed","template":"","meta":[],"class_list":{"0":"post-2881","1":"product","2":"type-product","3":"status-publish","5":"product_cat-ensayo","6":"post","8":"first","9":"instock","10":"taxable","11":"shipping-taxable","12":"purchasable","13":"product-type-simple"},"_links":{"self":[{"href":"https:\/\/cienfuegos.fr\/index.php\/wp-json\/wp\/v2\/product\/2881","targetHints":{"allow":["GET"]}}],"collection":[{"href":"https:\/\/cienfuegos.fr\/index.php\/wp-json\/wp\/v2\/product"}],"about":[{"href":"https:\/\/cienfuegos.fr\/index.php\/wp-json\/wp\/v2\/types\/product"}],"replies":[{"embeddable":true,"href":"https:\/\/cienfuegos.fr\/index.php\/wp-json\/wp\/v2\/comments?post=2881"}],"wp:attachment":[{"href":"https:\/\/cienfuegos.fr\/index.php\/wp-json\/wp\/v2\/media?parent=2881"}],"curies":[{"name":"wp","href":"https:\/\/api.w.org\/{rel}","templated":true}]}}