{"id":2875,"date":"2020-07-13T16:59:30","date_gmt":"2020-07-13T14:59:30","guid":{"rendered":"https:\/\/cienfuegos.fr\/?post_type=product&#038;p=2875"},"modified":"2020-10-14T14:40:37","modified_gmt":"2020-10-14T12:40:37","slug":"carne-viva-2","status":"publish","type":"product","link":"https:\/\/cienfuegos.fr\/index.php\/product\/carne-viva-2\/","title":{"rendered":"Carne viva"},"content":{"rendered":"","protected":false},"excerpt":{"rendered":"<p>Autor: Giaconi, Vera<br \/>\nEditorial: Eterna Cadencia<br \/>\nA\u00f1o de publicaci\u00f3n:<br \/>\nN\u00famero de p\u00e1ginas:<br \/>\nI.S.B.N : 978-987-1673-44-5<\/p>\n<p>Entre la sordidez de las atm\u00f3sferas de Lucrecia Martel y la capacidad de evocaci\u00f3n a partir de los detalles de los cuentos de Alice Munro, en un estilo realista pero con un resquicio g\u00f3tico, sus relatos dejan apenas ver lo sobrenatural que subyace a cada acto cotidiano. \u00abLa frase de Vera Giaconi, n\u00edtida, sustantiva y tajante, compone personajes y escenarios en el mismo curso y cuando ha vuelto la situaci\u00f3n palpaple deja que su propia tensi\u00f3n la resquebraje. Estos cuentos, variaciones del tema de la mujer an\u00f3mala en las sombr\u00edas repeticiones de la vida privada media, est\u00e1n hechos de transiciones resbaladizas y di\u00e1logos imprudentes: cuando los sentimientos pasan a la conciencia la frase ya los delat\u00f3 y otra frase viene a consumirlos. De este r\u00e1pido desgaste surge un clima de vigilia inmanejable, si se quiere de ilusi\u00f3n incauta, que hoy todos conocemos por experiencia propia pero no todos sabemos describir. Vera Giaconi no esconde su trato con una corriente de narradoras anglosajonas que desde hace muchas d\u00e9cadas viene poniendo el realismo en ascuas; que se remonta a Flannery O\u2019Connor y Eudora Welty, pero tambi\u00e9n a Katherine Mansfield, y hoy sigue siendo pr\u00f3diga. Es una tradici\u00f3n que ha dado a la literatura no menos perspectivas y al lector no menos amplitud (e inquietudes) que la gran narrativa experimental. En realidad tambi\u00e9n experimenta, pero de otra manera: sabiendo que, si no es posible contar la realidad, es muy posible describir bien con qu\u00e9 grado loco de error, de horror o de acierto la percibimos.\u00bb Marcelo Cohen<\/p>\n","protected":false},"featured_media":0,"comment_status":"closed","ping_status":"closed","template":"","meta":[],"class_list":{"0":"post-2875","1":"product","2":"type-product","3":"status-publish","5":"product_cat-narrativa","6":"post","8":"first","9":"outofstock","10":"taxable","11":"shipping-taxable","12":"purchasable","13":"product-type-simple"},"_links":{"self":[{"href":"https:\/\/cienfuegos.fr\/index.php\/wp-json\/wp\/v2\/product\/2875","targetHints":{"allow":["GET"]}}],"collection":[{"href":"https:\/\/cienfuegos.fr\/index.php\/wp-json\/wp\/v2\/product"}],"about":[{"href":"https:\/\/cienfuegos.fr\/index.php\/wp-json\/wp\/v2\/types\/product"}],"replies":[{"embeddable":true,"href":"https:\/\/cienfuegos.fr\/index.php\/wp-json\/wp\/v2\/comments?post=2875"}],"wp:attachment":[{"href":"https:\/\/cienfuegos.fr\/index.php\/wp-json\/wp\/v2\/media?parent=2875"}],"curies":[{"name":"wp","href":"https:\/\/api.w.org\/{rel}","templated":true}]}}