{"id":2874,"date":"2020-07-13T16:59:28","date_gmt":"2020-07-13T14:59:28","guid":{"rendered":"https:\/\/cienfuegos.fr\/?post_type=product&#038;p=2874"},"modified":"2020-08-02T00:25:14","modified_gmt":"2020-08-01T22:25:14","slug":"los-que-llegamos-mas-lejos-2","status":"publish","type":"product","link":"https:\/\/cienfuegos.fr\/index.php\/product\/los-que-llegamos-mas-lejos-2\/","title":{"rendered":"Los que llegamos m\u00e1s lejos"},"content":{"rendered":"","protected":false},"excerpt":{"rendered":"<p>Autor: Brizuela, Leopoldo<br \/>\nEditorial: Alfaguara<br \/>\nA\u00f1o de publicaci\u00f3n:<br \/>\nN\u00famero de p\u00e1ginas:<br \/>\nI.S.B.N:<\/p>\n<p>Tierra del Fuego, 1902. En el asilo salesiano una ni\u00f1a india delira, abrasada por la fiebre, rodeada por un c\u00edrculo de viejos; en la celda vecina, su hermano el ni\u00f1o lobo atisba en un destello el horror de la historia. La Pampa, 1878. Una muchacha criolla perseguida por un cacique trastoca de pronto las reglas, inventando un juego \u00edntimo e hipn\u00f3tico que amalgama poder y esclavitud. Buenos Aires, 1887. Peque\u00f1o-Pie-de-Piedra, el \u00faltimo pr\u00edncipe araucano, empieza a buscar la santidad: mata lentamente al indio que hay en s\u00ed y priva de futuro a todo un pueblo. La Plata, 1982. Las im\u00e1genes de un viejo daguerrotipo militar cobran vida para narrar una historia de celos y venganza en el \u00abtoldo de las indias\u00bb. Tierra del Fuego, 1905. En el conf\u00edn austral, la isla del fuego y de las grandes tormentas cobija dos tribus enemigas que reivindican para s\u00ed el mismo nombre: Los que llegamos m\u00e1s lejos, como quien nombra a la vez el silencio y la poes\u00eda. El resultado de Los que llegamos m\u00e1s lejos es un tejido cautivante de relatos -algunos casi nouvelles, otros breves como un aforismo-, un \u00abcantar de gesta\u00bb cuya verdadera protagonista es la felicidad, la libertad de imaginar.<\/p>\n","protected":false},"featured_media":0,"comment_status":"closed","ping_status":"closed","template":"","meta":[],"class_list":{"0":"post-2874","1":"product","2":"type-product","3":"status-publish","5":"product_cat-narrativa","6":"post","8":"first","9":"instock","10":"taxable","11":"shipping-taxable","12":"purchasable","13":"product-type-simple"},"_links":{"self":[{"href":"https:\/\/cienfuegos.fr\/index.php\/wp-json\/wp\/v2\/product\/2874","targetHints":{"allow":["GET"]}}],"collection":[{"href":"https:\/\/cienfuegos.fr\/index.php\/wp-json\/wp\/v2\/product"}],"about":[{"href":"https:\/\/cienfuegos.fr\/index.php\/wp-json\/wp\/v2\/types\/product"}],"replies":[{"embeddable":true,"href":"https:\/\/cienfuegos.fr\/index.php\/wp-json\/wp\/v2\/comments?post=2874"}],"wp:attachment":[{"href":"https:\/\/cienfuegos.fr\/index.php\/wp-json\/wp\/v2\/media?parent=2874"}],"curies":[{"name":"wp","href":"https:\/\/api.w.org\/{rel}","templated":true}]}}