{"id":2872,"date":"2020-07-13T16:59:25","date_gmt":"2020-07-13T14:59:25","guid":{"rendered":"https:\/\/cienfuegos.fr\/?post_type=product&#038;p=2872"},"modified":"2020-08-02T00:38:24","modified_gmt":"2020-08-01T22:38:24","slug":"seleccion-de-ensayos-2","status":"publish","type":"product","link":"https:\/\/cienfuegos.fr\/index.php\/product\/seleccion-de-ensayos-2\/","title":{"rendered":"Selecci\u00f3n de ensayos"},"content":{"rendered":"","protected":false},"excerpt":{"rendered":"<p>Autor: Henr\u00edquez Ure\u00f1a, Pedro<br \/>\nEditorial: Casa de las Am\u00e9ricas<br \/>\nA\u00f1o de publicaci\u00f3n:<br \/>\nN\u00famero de p\u00e1ginas:<br \/>\nI.S.B.N:<\/p>\n","protected":false},"featured_media":0,"comment_status":"closed","ping_status":"closed","template":"","meta":[],"class_list":{"0":"post-2872","1":"product","2":"type-product","3":"status-publish","5":"product_cat-ensayo","6":"post","8":"first","9":"instock","10":"taxable","11":"shipping-taxable","12":"purchasable","13":"product-type-simple"},"_links":{"self":[{"href":"https:\/\/cienfuegos.fr\/index.php\/wp-json\/wp\/v2\/product\/2872","targetHints":{"allow":["GET"]}}],"collection":[{"href":"https:\/\/cienfuegos.fr\/index.php\/wp-json\/wp\/v2\/product"}],"about":[{"href":"https:\/\/cienfuegos.fr\/index.php\/wp-json\/wp\/v2\/types\/product"}],"replies":[{"embeddable":true,"href":"https:\/\/cienfuegos.fr\/index.php\/wp-json\/wp\/v2\/comments?post=2872"}],"wp:attachment":[{"href":"https:\/\/cienfuegos.fr\/index.php\/wp-json\/wp\/v2\/media?parent=2872"}],"curies":[{"name":"wp","href":"https:\/\/api.w.org\/{rel}","templated":true}]}}