{"id":2869,"date":"2020-07-13T16:59:21","date_gmt":"2020-07-13T14:59:21","guid":{"rendered":"https:\/\/cienfuegos.fr\/?post_type=product&#038;p=2869"},"modified":"2020-08-02T05:23:56","modified_gmt":"2020-08-02T03:23:56","slug":"la-formula-de-la-inmortalidad-2","status":"publish","type":"product","link":"https:\/\/cienfuegos.fr\/index.php\/product\/la-formula-de-la-inmortalidad-2\/","title":{"rendered":"La f\u00f3rmula de la inmortalidad"},"content":{"rendered":"","protected":false},"excerpt":{"rendered":"<p>Autor: Mart\u00ednez, Guillermo<br \/>\nEditorial: Seix Barral<br \/>\nA\u00f1o de publicaci\u00f3n:<br \/>\nN\u00famero de p\u00e1ginas:<br \/>\nI.S.B.N:<\/p>\n<p>Compilaci\u00f3n de notas, art\u00edculos y conferencias, ya publicadas en distintos medios, a las que se suman dos largos ensayos in\u00e9ditos: uno sobre las preferencias est\u00e9ticas del posmodernismo, y otros sobre la discusi\u00f3n de tendencias en la narrativa argentina reciente a partir de los 90. Otros textos contienen referencias esenciales sobre la concepci\u00f3n literaria de Mart\u00ednez y claves de su propia obra. Si bien el autor de \u00abAcerca de Roderer\u00bb es m\u00e1s conocido como narrador de ficci\u00f3n, los textos reunidos aqu\u00ed permiten descubrir la variedad desus intereses intelectuales, pol\u00edticos y te\u00f3ricos.<\/p>\n","protected":false},"featured_media":4873,"comment_status":"closed","ping_status":"closed","template":"","meta":[],"class_list":{"0":"post-2869","1":"product","2":"type-product","3":"status-publish","4":"has-post-thumbnail","6":"product_cat-ensayo","7":"post","9":"first","10":"instock","11":"taxable","12":"shipping-taxable","13":"purchasable","14":"product-type-simple"},"_links":{"self":[{"href":"https:\/\/cienfuegos.fr\/index.php\/wp-json\/wp\/v2\/product\/2869","targetHints":{"allow":["GET"]}}],"collection":[{"href":"https:\/\/cienfuegos.fr\/index.php\/wp-json\/wp\/v2\/product"}],"about":[{"href":"https:\/\/cienfuegos.fr\/index.php\/wp-json\/wp\/v2\/types\/product"}],"replies":[{"embeddable":true,"href":"https:\/\/cienfuegos.fr\/index.php\/wp-json\/wp\/v2\/comments?post=2869"}],"wp:featuredmedia":[{"embeddable":true,"href":"https:\/\/cienfuegos.fr\/index.php\/wp-json\/wp\/v2\/media\/4873"}],"wp:attachment":[{"href":"https:\/\/cienfuegos.fr\/index.php\/wp-json\/wp\/v2\/media?parent=2869"}],"curies":[{"name":"wp","href":"https:\/\/api.w.org\/{rel}","templated":true}]}}