{"id":2867,"date":"2020-07-13T16:59:18","date_gmt":"2020-07-13T14:59:18","guid":{"rendered":"https:\/\/cienfuegos.fr\/?post_type=product&#038;p=2867"},"modified":"2020-08-20T16:02:56","modified_gmt":"2020-08-20T14:02:56","slug":"el-ano-del-desierto-2","status":"publish","type":"product","link":"https:\/\/cienfuegos.fr\/index.php\/product\/el-ano-del-desierto-2\/","title":{"rendered":"El a\u00f1o del desierto"},"content":{"rendered":"","protected":false},"excerpt":{"rendered":"<p>Autor: Mairal, Pedro<br \/>\nEditorial: Salto de P\u00e1gina<br \/>\nA\u00f1o de publicaci\u00f3n:<br \/>\nN\u00famero de p\u00e1ginas:<br \/>\nI.S.B.N : 9788493718169<\/p>\n<p>La intemperie avanza implacable, desde los arrabales, cercando la ciudad de Buenos Aires. Convierte los edificios en bald\u00edos llenos de vegetaci\u00f3n, el asfalto en mala yerba. Mar\u00eda Vald\u00e9s Neyl\u00e1n, secretaria en un rascacielos de cristal y acero, tendr\u00e1 que sobrevivir en un mundo que se desmorona: donde crece el desorden, brotan las epidemias y los alimentos se pudren inexplicablemente r\u00e1pido. A lo largo de un a\u00f1o ser\u00e1 enfermera y pionera de la colonizaci\u00f3n, reh\u00e9n de los braucos y diosa ind\u00edgena. De los prost\u00edbulos del puerto a las extensiones de la pampa, sus pasos la llevar\u00e1n a olvidar de d\u00f3nde vino, y su relato a recordarlo<\/p>\n","protected":false},"featured_media":5176,"comment_status":"closed","ping_status":"closed","template":"","meta":[],"class_list":{"0":"post-2867","1":"product","2":"type-product","3":"status-publish","4":"has-post-thumbnail","6":"product_cat-narrativa","7":"post","9":"first","10":"instock","11":"taxable","12":"shipping-taxable","13":"purchasable","14":"product-type-simple"},"_links":{"self":[{"href":"https:\/\/cienfuegos.fr\/index.php\/wp-json\/wp\/v2\/product\/2867","targetHints":{"allow":["GET"]}}],"collection":[{"href":"https:\/\/cienfuegos.fr\/index.php\/wp-json\/wp\/v2\/product"}],"about":[{"href":"https:\/\/cienfuegos.fr\/index.php\/wp-json\/wp\/v2\/types\/product"}],"replies":[{"embeddable":true,"href":"https:\/\/cienfuegos.fr\/index.php\/wp-json\/wp\/v2\/comments?post=2867"}],"wp:featuredmedia":[{"embeddable":true,"href":"https:\/\/cienfuegos.fr\/index.php\/wp-json\/wp\/v2\/media\/5176"}],"wp:attachment":[{"href":"https:\/\/cienfuegos.fr\/index.php\/wp-json\/wp\/v2\/media?parent=2867"}],"curies":[{"name":"wp","href":"https:\/\/api.w.org\/{rel}","templated":true}]}}