{"id":2866,"date":"2020-07-13T16:59:16","date_gmt":"2020-07-13T14:59:16","guid":{"rendered":"https:\/\/cienfuegos.fr\/?post_type=product&#038;p=2866"},"modified":"2020-08-02T05:30:48","modified_gmt":"2020-08-02T03:30:48","slug":"la-carne-de-rene-2","status":"publish","type":"product","link":"https:\/\/cienfuegos.fr\/index.php\/product\/la-carne-de-rene-2\/","title":{"rendered":"La carne de Ren\u00e9"},"content":{"rendered":"","protected":false},"excerpt":{"rendered":"<p>Autor: Pi\u00f1era, Virgilio<br \/>\nEditorial:Blatt &amp; R\u00edos<br \/>\nA\u00f1o de publicaci\u00f3n:<br \/>\nN\u00famero de p\u00e1ginas:<br \/>\nI.S.B.N : 9789873616549<\/p>\n<p>\u201cEs imposible pensar la obra de Virgilio Pi\u00f1era sin referir ese evento decisivo en su prosa y en su poes\u00eda que es su encuentro en Buenos Aires con Witold Gombrowicz, del cual la cr\u00edtica ha dado suficiente cuenta y que es tambi\u00e9n un episodio fascinante e hipn\u00f3tico de la historia de la literatura latinoamericana. Y lo es por multiplicar los efectos de excentricidad y exotismo de la literatura latinoamericana hasta llevarla a un punto de no retorno. (\u2026) Si Pi\u00f1era ocup\u00f3 un lugar marginal, que siempre ser\u00e1 marginal, que no tiene redenci\u00f3n posible, en la cultura latinoamericana, es porque llev\u00f3 toda reflexi\u00f3n hasta el l\u00edmite de lo impronunciable, de lo imposible de escuchar, ver, o pensar. Para eso tambi\u00e9n necesitaba escribir una novela como La carne de Ren\u00e9. Porque escribir y leer novelas es, siempre, una forma de cambiar de tema\u201d.<\/p>\n","protected":false},"featured_media":4876,"comment_status":"closed","ping_status":"closed","template":"","meta":[],"class_list":{"0":"post-2866","1":"product","2":"type-product","3":"status-publish","4":"has-post-thumbnail","6":"product_cat-narrativa","7":"post","9":"first","10":"instock","11":"taxable","12":"shipping-taxable","13":"purchasable","14":"product-type-simple"},"_links":{"self":[{"href":"https:\/\/cienfuegos.fr\/index.php\/wp-json\/wp\/v2\/product\/2866","targetHints":{"allow":["GET"]}}],"collection":[{"href":"https:\/\/cienfuegos.fr\/index.php\/wp-json\/wp\/v2\/product"}],"about":[{"href":"https:\/\/cienfuegos.fr\/index.php\/wp-json\/wp\/v2\/types\/product"}],"replies":[{"embeddable":true,"href":"https:\/\/cienfuegos.fr\/index.php\/wp-json\/wp\/v2\/comments?post=2866"}],"wp:featuredmedia":[{"embeddable":true,"href":"https:\/\/cienfuegos.fr\/index.php\/wp-json\/wp\/v2\/media\/4876"}],"wp:attachment":[{"href":"https:\/\/cienfuegos.fr\/index.php\/wp-json\/wp\/v2\/media?parent=2866"}],"curies":[{"name":"wp","href":"https:\/\/api.w.org\/{rel}","templated":true}]}}