{"id":2863,"date":"2020-07-13T16:59:12","date_gmt":"2020-07-13T14:59:12","guid":{"rendered":"https:\/\/cienfuegos.fr\/?post_type=product&#038;p=2863"},"modified":"2020-08-02T05:50:48","modified_gmt":"2020-08-02T03:50:48","slug":"cesar-aira-un-catalogo-2","status":"publish","type":"product","link":"https:\/\/cienfuegos.fr\/index.php\/product\/cesar-aira-un-catalogo-2\/","title":{"rendered":"C\u00e9sar Aira, un cat\u00e1logo"},"content":{"rendered":"","protected":false},"excerpt":{"rendered":"<p>Autor: Strafacce, Ricardo<br \/>\nEditorial: Mansalva<br \/>\nA\u00f1o de publicaci\u00f3n:<br \/>\nN\u00famero de p\u00e1ginas:<br \/>\nI.S.B.N: 9789873728754<\/p>\n<p>En Impresiones de \u00c1frica de Raymond Roussel, uno de los libros m\u00e1s secretos y m\u00edticos de la literatura de vanguardia, hay un barco que viene a la Argentina pero a causa de un naufragio nunca llega. Igual, como las novelas son puro desv\u00edo, ese dato carece de importancia. Porque el destino de ese barco fue dejar entre nosotros un legado repleto de posibilidades. La obra de C\u00e9sar Aira surgi\u00f3 bajo estas premisas y fue hacia un nuevo realismo. \u00c9l es el n\u00e1ufrago imaginario de Roussel, y como tal tuvo que volver a inventar el mundo. Porque quiz\u00e1s el deseo de transformar la vida no sea m\u00e1s que el de querer cambiar el arte. Ya que sus libros, m\u00faltiples y geniales, hace tiempo que han dejado de ser literatura para convertirse en otra cosa. Para m\u00ed que \u00e9l es un artista conceptual que usa la escritura porque es lo que tiene m\u00e1s a mano. En su obra no hay libros buenos o malos ya que conforman un trazado continuo que ilumina el presente y el porvenir. \u00c9l es el \u00faltimo surrealista. El artista del ma\u00f1ana. Ya sabemos que las historias de la literatura cuentan otras historias, llenas de riesgos y cambios de tono. El sue\u00f1o del arte es dotar a las cosas de vida. Volver reconocible lo que antes solo habitaba la imaginaci\u00f3n. Cuando pensamos con Ricardo Strafacce en la necesidad de hacer este cat\u00e1logo, conmemorando los cien primeros t\u00edtulos publicados por C\u00e9sar Aira, intuimos que, adem\u00e1s de ser una celebraci\u00f3n y un homenaje, ser\u00eda tambi\u00e9n un instrumento de consulta para sus lectores y estudiosos. C\u00e9sar Aira, un cat\u00e1logo, como escribe Strafacce en el pr\u00f3logo de este volumen, es un museo de la felicidad.<\/p>\n","protected":false},"featured_media":4878,"comment_status":"closed","ping_status":"closed","template":"","meta":[],"class_list":{"0":"post-2863","1":"product","2":"type-product","3":"status-publish","4":"has-post-thumbnail","6":"product_cat-narrativa","7":"post","9":"first","10":"instock","11":"taxable","12":"shipping-taxable","13":"purchasable","14":"product-type-simple"},"_links":{"self":[{"href":"https:\/\/cienfuegos.fr\/index.php\/wp-json\/wp\/v2\/product\/2863","targetHints":{"allow":["GET"]}}],"collection":[{"href":"https:\/\/cienfuegos.fr\/index.php\/wp-json\/wp\/v2\/product"}],"about":[{"href":"https:\/\/cienfuegos.fr\/index.php\/wp-json\/wp\/v2\/types\/product"}],"replies":[{"embeddable":true,"href":"https:\/\/cienfuegos.fr\/index.php\/wp-json\/wp\/v2\/comments?post=2863"}],"wp:featuredmedia":[{"embeddable":true,"href":"https:\/\/cienfuegos.fr\/index.php\/wp-json\/wp\/v2\/media\/4878"}],"wp:attachment":[{"href":"https:\/\/cienfuegos.fr\/index.php\/wp-json\/wp\/v2\/media?parent=2863"}],"curies":[{"name":"wp","href":"https:\/\/api.w.org\/{rel}","templated":true}]}}