{"id":2859,"date":"2020-07-13T16:59:05","date_gmt":"2020-07-13T14:59:05","guid":{"rendered":"https:\/\/cienfuegos.fr\/?post_type=product&#038;p=2859"},"modified":"2021-06-18T14:28:14","modified_gmt":"2021-06-18T12:28:14","slug":"tener-lo-que-se-tiene-obra-reunida-2","status":"publish","type":"product","link":"https:\/\/cienfuegos.fr\/index.php\/product\/tener-lo-que-se-tiene-obra-reunida-2\/","title":{"rendered":"Tener lo que se tiene (obra reunida)"},"content":{"rendered":"","protected":false},"excerpt":{"rendered":"<p>Autor: Bellessi, Diana<br \/>\nEditorial: Adriana Hidalgo<br \/>\nA\u00f1o de publicaci\u00f3n:<br \/>\nN\u00famero de p\u00e1ginas:<br \/>\nI.S.B.N : 978-987-1556-01-4<\/p>\n<p>1226 p\u00e1ginas nn Toda la poes\u00eda de Diana Bellessi se tensa en su propia donaci\u00f3n; afirmada en la inmediatez de la mirada hacia el esplendor de las formas, incluye el ideal de una oralidad de lazos comunitarios. Articula asimismo un pensamiento cr\u00edtico de enorme coherencia con una marcada impronta social de un modo completamente novedoso. En este volumen, adem\u00e1s de toda su obra po\u00e9tica, se incluyen textos in\u00e9ditos.<\/p>\n","protected":false},"featured_media":0,"comment_status":"closed","ping_status":"closed","template":"","meta":[],"class_list":{"0":"post-2859","1":"product","2":"type-product","3":"status-publish","5":"product_cat-poesia","6":"post","8":"first","9":"instock","10":"taxable","11":"shipping-taxable","12":"purchasable","13":"product-type-simple"},"_links":{"self":[{"href":"https:\/\/cienfuegos.fr\/index.php\/wp-json\/wp\/v2\/product\/2859","targetHints":{"allow":["GET"]}}],"collection":[{"href":"https:\/\/cienfuegos.fr\/index.php\/wp-json\/wp\/v2\/product"}],"about":[{"href":"https:\/\/cienfuegos.fr\/index.php\/wp-json\/wp\/v2\/types\/product"}],"replies":[{"embeddable":true,"href":"https:\/\/cienfuegos.fr\/index.php\/wp-json\/wp\/v2\/comments?post=2859"}],"wp:attachment":[{"href":"https:\/\/cienfuegos.fr\/index.php\/wp-json\/wp\/v2\/media?parent=2859"}],"curies":[{"name":"wp","href":"https:\/\/api.w.org\/{rel}","templated":true}]}}