{"id":2857,"date":"2020-07-13T16:59:02","date_gmt":"2020-07-13T14:59:02","guid":{"rendered":"https:\/\/cienfuegos.fr\/?post_type=product&#038;p=2857"},"modified":"2020-09-04T11:47:55","modified_gmt":"2020-09-04T09:47:55","slug":"hombres-de-caminos-2","status":"publish","type":"product","link":"https:\/\/cienfuegos.fr\/index.php\/product\/hombres-de-caminos-2\/","title":{"rendered":"Hombres de caminos"},"content":{"rendered":"","protected":false},"excerpt":{"rendered":"<p>Autor: Guti\u00e9rrez, Miguel<br \/>\nEditorial: San Marcos, Biblioteca de Narrativa Peruana Contempor\u00e1nea<br \/>\nA\u00f1o de publicaci\u00f3n:<br \/>\nN\u00famero de p\u00e1ginas:<br \/>\nI.S.B.N:<\/p>\n<p>Isidoro Villar nunca perdonar\u00e1 la venta de su hermana Primorosa al poderoso terrateniente Odar Benalc\u00e1zar, amo absoluto de Congar\u00e1, un pueblo distante ubicado entre los desiertos y arenales de Piura, cuyos habitantes luego se convertir\u00e1n en testigos de la afrenta que sufrir\u00e1 Cruz Villar, padre de Isidoro. Por eso surgir\u00e1 en \u00e9l la necesidad de establecer su propia justicia hacia los abusos de los gamonales en la zona norte del Per\u00fa en esta especie de western que aborda las diferencias sociales, raciales y religiosas a inicios del siglo XX a trav\u00e9s de unas rebeliones que tambi\u00e9n har\u00e1n frente al temible Zapote de Dos Piernas. Con esta novela se inicia la historia de la familia Villar en la obra de Miguel Guti\u00e9rrez.<\/p>\n","protected":false},"featured_media":5434,"comment_status":"closed","ping_status":"closed","template":"","meta":[],"class_list":{"0":"post-2857","1":"product","2":"type-product","3":"status-publish","4":"has-post-thumbnail","6":"product_cat-narrativa","7":"post","9":"first","10":"instock","11":"taxable","12":"shipping-taxable","13":"purchasable","14":"product-type-simple"},"_links":{"self":[{"href":"https:\/\/cienfuegos.fr\/index.php\/wp-json\/wp\/v2\/product\/2857","targetHints":{"allow":["GET"]}}],"collection":[{"href":"https:\/\/cienfuegos.fr\/index.php\/wp-json\/wp\/v2\/product"}],"about":[{"href":"https:\/\/cienfuegos.fr\/index.php\/wp-json\/wp\/v2\/types\/product"}],"replies":[{"embeddable":true,"href":"https:\/\/cienfuegos.fr\/index.php\/wp-json\/wp\/v2\/comments?post=2857"}],"wp:featuredmedia":[{"embeddable":true,"href":"https:\/\/cienfuegos.fr\/index.php\/wp-json\/wp\/v2\/media\/5434"}],"wp:attachment":[{"href":"https:\/\/cienfuegos.fr\/index.php\/wp-json\/wp\/v2\/media?parent=2857"}],"curies":[{"name":"wp","href":"https:\/\/api.w.org\/{rel}","templated":true}]}}