{"id":2855,"date":"2020-07-13T16:59:00","date_gmt":"2020-07-13T14:59:00","guid":{"rendered":"https:\/\/cienfuegos.fr\/?post_type=product&#038;p=2855"},"modified":"2020-08-02T06:10:44","modified_gmt":"2020-08-02T04:10:44","slug":"reflexion-sobre-el-color-2","status":"publish","type":"product","link":"https:\/\/cienfuegos.fr\/index.php\/product\/reflexion-sobre-el-color-2\/","title":{"rendered":"Reflexi\u00f3n sobre el color"},"content":{"rendered":"","protected":false},"excerpt":{"rendered":"<p>Autor:Cruz-Diez<br \/>\nEditorial: Fundaci\u00f3n Cruz-Diez<br \/>\nA\u00f1o de publicaci\u00f3n:<br \/>\nN\u00famero de p\u00e1ginas:<br \/>\nI.S.B.N : 978-84-7075-564-4<\/p>\n<p>Nueva, revisada y ampliada edici\u00f3n de la versi\u00f3n original en espa\u00f1ol. Escrito en 1989 por Carlos Cruz-Diez, contiene las reflexiones del artista sobre su investigaci\u00f3n sobre el color, la cual inici\u00f3 en 1954 mientras estuvo en Caracas, Barcelona y Par\u00eds.<\/p>\n","protected":false},"featured_media":0,"comment_status":"closed","ping_status":"closed","template":"","meta":[],"class_list":{"0":"post-2855","1":"product","2":"type-product","3":"status-publish","5":"product_cat-arte","6":"post","8":"first","9":"instock","10":"taxable","11":"shipping-taxable","12":"purchasable","13":"product-type-simple"},"_links":{"self":[{"href":"https:\/\/cienfuegos.fr\/index.php\/wp-json\/wp\/v2\/product\/2855","targetHints":{"allow":["GET"]}}],"collection":[{"href":"https:\/\/cienfuegos.fr\/index.php\/wp-json\/wp\/v2\/product"}],"about":[{"href":"https:\/\/cienfuegos.fr\/index.php\/wp-json\/wp\/v2\/types\/product"}],"replies":[{"embeddable":true,"href":"https:\/\/cienfuegos.fr\/index.php\/wp-json\/wp\/v2\/comments?post=2855"}],"wp:attachment":[{"href":"https:\/\/cienfuegos.fr\/index.php\/wp-json\/wp\/v2\/media?parent=2855"}],"curies":[{"name":"wp","href":"https:\/\/api.w.org\/{rel}","templated":true}]}}