{"id":2853,"date":"2020-07-13T16:58:56","date_gmt":"2020-07-13T14:58:56","guid":{"rendered":"https:\/\/cienfuegos.fr\/?post_type=product&#038;p=2853"},"modified":"2020-08-02T06:13:53","modified_gmt":"2020-08-02T04:13:53","slug":"murcielagos-al-atardecer-2","status":"publish","type":"product","link":"https:\/\/cienfuegos.fr\/index.php\/product\/murcielagos-al-atardecer-2\/","title":{"rendered":"Murci\u00e9lagos al atardecer"},"content":{"rendered":"","protected":false},"excerpt":{"rendered":"<p>Autor: Xi Chuan<br \/>\nEditorial: Bajo la luna<br \/>\nA\u00f1o de publicaci\u00f3n:<br \/>\nN\u00famero de p\u00e1ginas:<br \/>\nI.S.B.N : 9789874422040<\/p>\n<p>Xi Chuan (nombre literario de Liu Jun) naci\u00f3 en 1963 en la ciudad de Xuzhou, provincia de Jiangsu; es considerado uno de los poetas, ensayistas y traductores m\u00e1s influyentes de la escena intelectual china contempor\u00e1nea. En sus trabajos, Xi Chuan experimenta con formas h\u00edbridas de prosa y verso que articulan lo que \u00e9l denomina una pseudo-filosof\u00eda, una b\u00fasqueda por las zonas m\u00e1s oscuras y ocultas de la historia, la raz\u00f3n y la conciencia humana. Ha publicado cinco libros de poemas y dos de ensayos, numerosos art\u00edculos de cr\u00edtica e investigaci\u00f3n, y fue cofundador de la revista independiente Tendencias y editor de Poes\u00eda china moderna hasta 1995. Ha sido ampliamente traducido al ingl\u00e9s, franc\u00e9s, dan\u00e9s, coreano, entre otros. \u00c9sta es la primera antolog\u00eda de su obra traducida al espa\u00f1ol.<\/p>\n","protected":false},"featured_media":0,"comment_status":"closed","ping_status":"closed","template":"","meta":[],"class_list":{"0":"post-2853","1":"product","2":"type-product","3":"status-publish","5":"product_cat-poesia","6":"post","8":"first","9":"instock","10":"taxable","11":"shipping-taxable","12":"purchasable","13":"product-type-simple"},"_links":{"self":[{"href":"https:\/\/cienfuegos.fr\/index.php\/wp-json\/wp\/v2\/product\/2853","targetHints":{"allow":["GET"]}}],"collection":[{"href":"https:\/\/cienfuegos.fr\/index.php\/wp-json\/wp\/v2\/product"}],"about":[{"href":"https:\/\/cienfuegos.fr\/index.php\/wp-json\/wp\/v2\/types\/product"}],"replies":[{"embeddable":true,"href":"https:\/\/cienfuegos.fr\/index.php\/wp-json\/wp\/v2\/comments?post=2853"}],"wp:attachment":[{"href":"https:\/\/cienfuegos.fr\/index.php\/wp-json\/wp\/v2\/media?parent=2853"}],"curies":[{"name":"wp","href":"https:\/\/api.w.org\/{rel}","templated":true}]}}