{"id":2848,"date":"2020-07-13T16:58:49","date_gmt":"2020-07-13T14:58:49","guid":{"rendered":"https:\/\/cienfuegos.fr\/?post_type=product&#038;p=2848"},"modified":"2020-09-05T11:26:39","modified_gmt":"2020-09-05T09:26:39","slug":"la-pasion-segun-eva-2","status":"publish","type":"product","link":"https:\/\/cienfuegos.fr\/index.php\/product\/la-pasion-segun-eva-2\/","title":{"rendered":"La pasi\u00f3n seg\u00fan Eva"},"content":{"rendered":"","protected":false},"excerpt":{"rendered":"<p>Autor: Posse, Abel<br \/>\nEditorial: Sudamericana<br \/>\nA\u00f1o de publicaci\u00f3n:<br \/>\nN\u00famero de p\u00e1ginas:<br \/>\nI.S.B.N:<\/p>\n<p>Eva Per\u00f3n, la gran Evita, se sit\u00faa en el foco. Es el propio Abel Posse el que mejor define este libro tan aparentemente inclasificable: Es una biograf\u00eda coral, porque son los personajes que la conocieron quienes ponen los coros. Podemos concluir que se trata de un sofisticado reportaje con hechuras de novela, construido a base de entrevistas muy bien seleccionadas y con los cimientos de una esmerada investigaci\u00f3n. Resultar\u00e1 inolvidable para el lector el relato minucioso y documentado de la visita famosa de Eva a Espa\u00f1a y Europa. Hay rasgos y situaciones desopilantes entre Eva Per\u00f3n y Francisco Franco, conviviendo en el palacio del Pardo, exhumados y descritos por el autor que fue embajador en Espa\u00f1a y tuvo acceso privilegiado a hechos bizarros, como la obstinaci\u00f3n de Eva en liberar a una comunista condenada a muerte. Cosa que Franco tuvo que aceptar.Evita fue la dirigente pol\u00edtica argentina por antonomasia, adem\u00e1s de una actriz de cierta enjundia en su juventud. En su haber se encuentra el impulso y aprobaci\u00f3n de la ley de sufragio femenino en 1947, lo que le vali\u00f3 el ascenso a los altares para la pr\u00e1ctica totalidad de la mitad de la poblaci\u00f3n mundial, la mujeril. Su renuncia a la candidatura de vicepresidenta, su fulminante c\u00e1ncer de \u00fatero y su activismo por los derechos sociales son episodios que causaron admiraci\u00f3n dentro y fuera de Argentina y que todav\u00eda prenden la mecha de un debate ardoroso. Con La pasi\u00f3n seg\u00fan Eva, Posse reconstruye su historia desde la correcta atenci\u00f3n a las voces que mejor con la conocieron y con el bistur\u00ed filoso propio de un intelectual que no se pliega a modas ni componendas, sino a la verdad hist\u00f3rica y a su juicio interno. No es una obra equidistante ni pensada para complacer a la mayor\u00eda. Es el ejercicio riguroso del pensador que necesita recomponer su propio tiempo vital.<\/p>\n","protected":false},"featured_media":5460,"comment_status":"closed","ping_status":"closed","template":"","meta":[],"class_list":{"0":"post-2848","1":"product","2":"type-product","3":"status-publish","4":"has-post-thumbnail","6":"product_cat-narrativa","7":"post","9":"first","10":"instock","11":"taxable","12":"shipping-taxable","13":"purchasable","14":"product-type-simple"},"_links":{"self":[{"href":"https:\/\/cienfuegos.fr\/index.php\/wp-json\/wp\/v2\/product\/2848","targetHints":{"allow":["GET"]}}],"collection":[{"href":"https:\/\/cienfuegos.fr\/index.php\/wp-json\/wp\/v2\/product"}],"about":[{"href":"https:\/\/cienfuegos.fr\/index.php\/wp-json\/wp\/v2\/types\/product"}],"replies":[{"embeddable":true,"href":"https:\/\/cienfuegos.fr\/index.php\/wp-json\/wp\/v2\/comments?post=2848"}],"wp:featuredmedia":[{"embeddable":true,"href":"https:\/\/cienfuegos.fr\/index.php\/wp-json\/wp\/v2\/media\/5460"}],"wp:attachment":[{"href":"https:\/\/cienfuegos.fr\/index.php\/wp-json\/wp\/v2\/media?parent=2848"}],"curies":[{"name":"wp","href":"https:\/\/api.w.org\/{rel}","templated":true}]}}