{"id":2847,"date":"2020-07-13T16:58:47","date_gmt":"2020-07-13T14:58:47","guid":{"rendered":"https:\/\/cienfuegos.fr\/?post_type=product&#038;p=2847"},"modified":"2020-08-02T06:38:37","modified_gmt":"2020-08-02T04:38:37","slug":"la-forma-inicial-2","status":"publish","type":"product","link":"https:\/\/cienfuegos.fr\/index.php\/product\/la-forma-inicial-2\/","title":{"rendered":"La forma inicial"},"content":{"rendered":"","protected":false},"excerpt":{"rendered":"<p>Autor: Piglia, Ricardo<br \/>\nEditorial: Eterna Cadencia<br \/>\nA\u00f1o de publicaci\u00f3n:<br \/>\nN\u00famero de p\u00e1ginas:<br \/>\nI.S.B.N : 978-987-712-067-7<\/p>\n<p>Ricardo Piglia llega a Eterna Cadencia Editora con este volumen de ensayos, conversaciones y entrevistas producidos en los \u00faltimos a\u00f1os, en los que plantea, a partir de esa forma inicial que es para \u00e9l la conversaci\u00f3n, algunos de los problemas de la narraci\u00f3n y sus consecuencias. Dos n\u00facleos destacan en esta b\u00fasqueda: por un lado, la renovaci\u00f3n de los modos de narrar ligados a la forma de la nouvelle, y con ello las hip\u00f3tesis sobre su especificidad, sus aspectos formales, la relaci\u00f3n con el cuento y la novela, el estilo y las operaciones formales de Onetti en Los adioses, la nouvelle por antonomasia. Por otro lado, hay en estas intervenciones, como lo se\u00f1ala el propio autor, \u201cun intento de transmitir la experiencia de escribir y ense\u00f1ar literatura\u201d. Aparecen entonces el problema de los usos del lenguaje y la experiencia de la narraci\u00f3n, el lugar de la narraci\u00f3n en la vida, su propia obra de ficci\u00f3n en relaci\u00f3n con la pol\u00edtica y la docencia, y la significaci\u00f3n que estas han tenido para \u00e9l como cr\u00edtico y escritor. Con la din\u00e1mica y la argumentaci\u00f3n propias de toda conversaci\u00f3n, estos textos pueden leerse o bien como una introducci\u00f3n, o bien como un recorrido actualizado por los temas fundamentales de la producci\u00f3n cr\u00edtica y de ficci\u00f3n de Ricardo Piglia, uno de los mayores referentes de la literatura latinoamericana.<\/p>\n","protected":false},"featured_media":0,"comment_status":"closed","ping_status":"closed","template":"","meta":[],"class_list":{"0":"post-2847","1":"product","2":"type-product","3":"status-publish","5":"product_cat-estudios_literarios","6":"post","8":"first","9":"instock","10":"taxable","11":"shipping-taxable","12":"purchasable","13":"product-type-simple"},"_links":{"self":[{"href":"https:\/\/cienfuegos.fr\/index.php\/wp-json\/wp\/v2\/product\/2847","targetHints":{"allow":["GET"]}}],"collection":[{"href":"https:\/\/cienfuegos.fr\/index.php\/wp-json\/wp\/v2\/product"}],"about":[{"href":"https:\/\/cienfuegos.fr\/index.php\/wp-json\/wp\/v2\/types\/product"}],"replies":[{"embeddable":true,"href":"https:\/\/cienfuegos.fr\/index.php\/wp-json\/wp\/v2\/comments?post=2847"}],"wp:attachment":[{"href":"https:\/\/cienfuegos.fr\/index.php\/wp-json\/wp\/v2\/media?parent=2847"}],"curies":[{"name":"wp","href":"https:\/\/api.w.org\/{rel}","templated":true}]}}