{"id":2841,"date":"2020-07-13T16:58:38","date_gmt":"2020-07-13T14:58:38","guid":{"rendered":"https:\/\/cienfuegos.fr\/?post_type=product&#038;p=2841"},"modified":"2020-08-09T00:47:22","modified_gmt":"2020-08-08T22:47:22","slug":"emilio-los-chistes-y-la-muerte-2","status":"publish","type":"product","link":"https:\/\/cienfuegos.fr\/index.php\/product\/emilio-los-chistes-y-la-muerte-2\/","title":{"rendered":"Emilio, los chistes y la muerte"},"content":{"rendered":"","protected":false},"excerpt":{"rendered":"<p>Autor: Mor\u00e1bito, Fabio<br \/>\nEditorial: Anagrama<br \/>\nA\u00f1o de publicaci\u00f3n:<br \/>\nN\u00famero de p\u00e1ginas:<br \/>\nI.S.B.N : 978-84-339-7188-3<\/p>\n<p>\u00c9sta es la historia de la relaci\u00f3n entre un ni\u00f1o de doce a\u00f1os que tiene un exceso de memoria y una mujer de cuarenta que quisiera olvidarlo todo. Emilio, que no tiene amigos ni hermanos, y Eur\u00eddice, masajista que acaba de perder a su \u00fanico hijo, se encuentran de manera casi clandestina en un cementerio enorme y descuidado, donde los nombres de los muertos lucen incompletos y la vegetaci\u00f3n amenaza con tragarse los bloques de los nichos mortuorios. Entre la desesperaci\u00f3n de ella y la madurez precoz de \u00e9l, entre el hechizo que ejercen los nombres propios y la potente llamada del sexo, reluce una verdad simple: nadie es maestro de nadie. A la que se acompa\u00f1a esta otra: el deseo no tiene edad, ni tampoco dominadores y dominados y, lo mismo que los nombres propios de los muertos, es una fuerza hosca, incontrolable y a veces redentora. Novela que, al centrar los conflictos de los protagonistas en la sexualidad, subvierte los valores cl\u00e1sicos de la llamada novela de crecimiento, esta historia es tambi\u00e9n una reflexi\u00f3n entre amarga y c\u00f3mica sobre la imposibilidad de ver al otro. Breve, precisa y despojada de todo adorno, su trama se desarrolla vertiginosamente entre la oscuridad, la luz, lo subterr\u00e1neo, el aire libre, los chistes y la muerte.<\/p>\n<p>De Fabio Mor\u00e1bito escribi\u00f3 en su momento Sergio Pito!: \u00abDesde sus iniciales ejercicios literarios se revel\u00f3 como uno de los \u00abraros\u00bb de la lengua. Desconcert\u00f3 a algunos y fascin\u00f3 a otros cuantos. Quien pretende imitarlo se arriesga a un suicidio. Su prosa elegante y exquisita es irrepetible. Nada de pomposo se acerca a su mundo. Parecer\u00eda que sus palabras, precisas y transparentes, le sirvieran como un encantamiento, un regalo, un gui\u00f1o a los lectores. Pero en el subsuelo se encuentra una lava ardiente, un nudo de interrogaciones e hip\u00f3tesis cercanas a una metaf\u00edsica.\u00bb<\/p>\n<p>Ahora, despu\u00e9s de sus muy alabados libros de poes\u00eda, relatos y ensayos, nos ofrece su esperada y excelente primera novela.<\/p>\n","protected":false},"featured_media":0,"comment_status":"closed","ping_status":"closed","template":"","meta":[],"class_list":{"0":"post-2841","1":"product","2":"type-product","3":"status-publish","5":"product_cat-narrativa","6":"post","8":"first","9":"instock","10":"taxable","11":"shipping-taxable","12":"purchasable","13":"product-type-simple"},"_links":{"self":[{"href":"https:\/\/cienfuegos.fr\/index.php\/wp-json\/wp\/v2\/product\/2841","targetHints":{"allow":["GET"]}}],"collection":[{"href":"https:\/\/cienfuegos.fr\/index.php\/wp-json\/wp\/v2\/product"}],"about":[{"href":"https:\/\/cienfuegos.fr\/index.php\/wp-json\/wp\/v2\/types\/product"}],"replies":[{"embeddable":true,"href":"https:\/\/cienfuegos.fr\/index.php\/wp-json\/wp\/v2\/comments?post=2841"}],"wp:attachment":[{"href":"https:\/\/cienfuegos.fr\/index.php\/wp-json\/wp\/v2\/media?parent=2841"}],"curies":[{"name":"wp","href":"https:\/\/api.w.org\/{rel}","templated":true}]}}