{"id":2840,"date":"2020-07-13T16:58:36","date_gmt":"2020-07-13T14:58:36","guid":{"rendered":"https:\/\/cienfuegos.fr\/?post_type=product&#038;p=2840"},"modified":"2020-08-20T17:18:43","modified_gmt":"2020-08-20T15:18:43","slug":"cuando-las-panteras-no-eran-negras-2","status":"publish","type":"product","link":"https:\/\/cienfuegos.fr\/index.php\/product\/cuando-las-panteras-no-eran-negras-2\/","title":{"rendered":"Cuando las panteras no eran negras"},"content":{"rendered":"","protected":false},"excerpt":{"rendered":"<p>Autor: Mor\u00e1bito, Fabio<br \/>\nEditorial: Siruela<br \/>\nA\u00f1o de publicaci\u00f3n:<br \/>\nN\u00famero de p\u00e1ginas:<br \/>\nI.S.B.N : 978-84-7844-304-8<\/p>\n<p>\u00bfHubo de veras un tiempo sin leones, donde todos cazaban sin ser vistos; un tiempo en que cazar era la comprensi\u00f3n de las cosas, lo mismo entre los perseguidores que entre los perseguidos, y morir cazado era la \u00fanica forma razonable de morir? El viaje de una joven pantera en busca de su identidad, guida por un grupo de panteras negras \u00abque no dejan huella\u00bb, sirve a Fabio Mor\u00e1bito de marco para una narraci\u00f3n en la que la belleza del lenguaje nos atrapa con la fuerza y riqueza de sus im\u00e1genes.La luz de la sabana, dominada por las partidas de caza de los leones, y la oscuridad de la jungla, con sus sombras, le ofrecer\u00e1n a la joven pantera el aprendizaje lejos de su manada.<\/p>\n","protected":false},"featured_media":5188,"comment_status":"closed","ping_status":"closed","template":"","meta":[],"class_list":{"0":"post-2840","1":"product","2":"type-product","3":"status-publish","4":"has-post-thumbnail","6":"product_cat-narrativa","7":"post","9":"first","10":"instock","11":"taxable","12":"shipping-taxable","13":"purchasable","14":"product-type-simple"},"_links":{"self":[{"href":"https:\/\/cienfuegos.fr\/index.php\/wp-json\/wp\/v2\/product\/2840","targetHints":{"allow":["GET"]}}],"collection":[{"href":"https:\/\/cienfuegos.fr\/index.php\/wp-json\/wp\/v2\/product"}],"about":[{"href":"https:\/\/cienfuegos.fr\/index.php\/wp-json\/wp\/v2\/types\/product"}],"replies":[{"embeddable":true,"href":"https:\/\/cienfuegos.fr\/index.php\/wp-json\/wp\/v2\/comments?post=2840"}],"wp:featuredmedia":[{"embeddable":true,"href":"https:\/\/cienfuegos.fr\/index.php\/wp-json\/wp\/v2\/media\/5188"}],"wp:attachment":[{"href":"https:\/\/cienfuegos.fr\/index.php\/wp-json\/wp\/v2\/media?parent=2840"}],"curies":[{"name":"wp","href":"https:\/\/api.w.org\/{rel}","templated":true}]}}