{"id":2832,"date":"2020-07-13T16:58:24","date_gmt":"2020-07-13T14:58:24","guid":{"rendered":"https:\/\/cienfuegos.fr\/?post_type=product&#038;p=2832"},"modified":"2020-08-02T07:29:21","modified_gmt":"2020-08-02T05:29:21","slug":"la-mujer-en-la-muralla-2","status":"publish","type":"product","link":"https:\/\/cienfuegos.fr\/index.php\/product\/la-mujer-en-la-muralla-2\/","title":{"rendered":"La mujer en la muralla"},"content":{"rendered":"","protected":false},"excerpt":{"rendered":"<p>Autor: Laiseca, Alberto<br \/>\nEditorial: Planeta<br \/>\nA\u00f1o de publicaci\u00f3n: 1990<br \/>\nN\u00famero de p\u00e1ginas:<br \/>\nI.S.B.N<\/p>\n<p>Primera edici\u00f3n. Celebrada un\u00e1nimemente desde su primera edici\u00f3n en 1990, La mujer en la Muralla es la par\u00e1bola de un emperador feroz y genial, Chi&#8217;n Hsih Hwang Ti, y de la construcci\u00f3n de su obra cicl\u00f3pea, la Gran Muralla China. Pero es tambi\u00e9n la aventura m\u00faltiple y fascinante del pueblo que admir\u00f3 y padeci\u00f3 al d\u00e9spota. Por las p\u00e1ginas de este libro desfilan en sordina el cauteloso sabio Lai Ch\u00fa, los letrados ca\u00eddos en desgracia, la ascendiente secta de los eunucos, y tambi\u00e9n esposas, concubinas y prostitutas idealizadas. Y, en el coraz\u00f3n de la historia, la abnegada Men Chiang N\u00fc, que sigue hasta los confines del imperio a su marido letrado, porque \u00e9ste ha sido reclutado para trabajar en la inhumana construcci\u00f3n de la Muralla. Con el absurdo como uno de los elementos m\u00e1s veros\u00edmiles de la realidad, y mediante un rigor documental digno de toda confianza, Alberto Laiseca actualiza un mundo diverso y extraordinario, anim\u00e1ndolo ante el lector no s\u00f3lo con detalles cotidianos, sino con la visi\u00f3n m\u00e1s meditada y m\u00e1s profunda de los propios protagonistas.<\/p>\n","protected":false},"featured_media":0,"comment_status":"closed","ping_status":"closed","template":"","meta":[],"class_list":{"0":"post-2832","1":"product","2":"type-product","3":"status-publish","5":"product_cat-narrativa","6":"post","8":"first","9":"instock","10":"taxable","11":"shipping-taxable","12":"purchasable","13":"product-type-simple"},"_links":{"self":[{"href":"https:\/\/cienfuegos.fr\/index.php\/wp-json\/wp\/v2\/product\/2832","targetHints":{"allow":["GET"]}}],"collection":[{"href":"https:\/\/cienfuegos.fr\/index.php\/wp-json\/wp\/v2\/product"}],"about":[{"href":"https:\/\/cienfuegos.fr\/index.php\/wp-json\/wp\/v2\/types\/product"}],"replies":[{"embeddable":true,"href":"https:\/\/cienfuegos.fr\/index.php\/wp-json\/wp\/v2\/comments?post=2832"}],"wp:attachment":[{"href":"https:\/\/cienfuegos.fr\/index.php\/wp-json\/wp\/v2\/media?parent=2832"}],"curies":[{"name":"wp","href":"https:\/\/api.w.org\/{rel}","templated":true}]}}