{"id":2831,"date":"2020-07-13T16:58:23","date_gmt":"2020-07-13T14:58:23","guid":{"rendered":"https:\/\/cienfuegos.fr\/?post_type=product&#038;p=2831"},"modified":"2020-08-02T07:31:04","modified_gmt":"2020-08-02T05:31:04","slug":"lindes-2","status":"publish","type":"product","link":"https:\/\/cienfuegos.fr\/index.php\/product\/lindes-2\/","title":{"rendered":"Lindes"},"content":{"rendered":"","protected":false},"excerpt":{"rendered":"<p>Autor: Kozer, Jos\u00e9<br \/>\nEditorial: LOM<br \/>\nA\u00f1o de publicaci\u00f3n:<br \/>\nN\u00famero de p\u00e1ginas:<br \/>\nI.S.B.N:<\/p>\n<p>Antolog\u00eda po\u00e9tica. Selecci\u00f3n y pr\u00f3logo de Pablo de Cuba Soria<\/p>\n","protected":false},"featured_media":0,"comment_status":"closed","ping_status":"closed","template":"","meta":[],"class_list":{"0":"post-2831","1":"product","2":"type-product","3":"status-publish","5":"product_cat-poesia","6":"post","8":"first","9":"instock","10":"taxable","11":"shipping-taxable","12":"purchasable","13":"product-type-simple"},"_links":{"self":[{"href":"https:\/\/cienfuegos.fr\/index.php\/wp-json\/wp\/v2\/product\/2831","targetHints":{"allow":["GET"]}}],"collection":[{"href":"https:\/\/cienfuegos.fr\/index.php\/wp-json\/wp\/v2\/product"}],"about":[{"href":"https:\/\/cienfuegos.fr\/index.php\/wp-json\/wp\/v2\/types\/product"}],"replies":[{"embeddable":true,"href":"https:\/\/cienfuegos.fr\/index.php\/wp-json\/wp\/v2\/comments?post=2831"}],"wp:attachment":[{"href":"https:\/\/cienfuegos.fr\/index.php\/wp-json\/wp\/v2\/media?parent=2831"}],"curies":[{"name":"wp","href":"https:\/\/api.w.org\/{rel}","templated":true}]}}