{"id":2830,"date":"2020-07-13T16:58:21","date_gmt":"2020-07-13T14:58:21","guid":{"rendered":"https:\/\/cienfuegos.fr\/?post_type=product&#038;p=2830"},"modified":"2020-09-06T03:07:35","modified_gmt":"2020-09-06T01:07:35","slug":"relampagos-de-agosto-2","status":"publish","type":"product","link":"https:\/\/cienfuegos.fr\/index.php\/product\/relampagos-de-agosto-2\/","title":{"rendered":"Rel\u00e1mpagos de agosto"},"content":{"rendered":"","protected":false},"excerpt":{"rendered":"<p>Autor: Ibarguengoitia<br \/>\nEditorial: Archivos<br \/>\nA\u00f1o de publicaci\u00f3n:<br \/>\nN\u00famero de p\u00e1ginas:<br \/>\nI.S.B.N:<\/p>\n<p>\u201cJorge Ibarg\u00fcengoitia fue el cronista rebelde de una naci\u00f3n avergonzada de su intimidad e incapaz de ver en su Historia otra cosa que pr\u00f3ceres de bronce [\u2026] Desmitificador de tiempo completo, Ibarg\u00fcengoitia busc\u00f3 los v\u00ednculos entre la alcoba y el poder, los vapores de cocina y el Palacio Nacional. Escribi\u00f3 a contrapelo en un pa\u00eds [M\u00e9xico] donde los gobiernos emanados de la Revoluci\u00f3n definieron la vida p\u00fablica de 1929 a 2000.\u201d (Juan Villoro.)<\/p>\n","protected":false},"featured_media":0,"comment_status":"closed","ping_status":"closed","template":"","meta":[],"class_list":{"0":"post-2830","1":"product","2":"type-product","3":"status-publish","5":"product_cat-narrativa","6":"post","8":"first","9":"instock","10":"taxable","11":"shipping-taxable","12":"purchasable","13":"product-type-simple"},"_links":{"self":[{"href":"https:\/\/cienfuegos.fr\/index.php\/wp-json\/wp\/v2\/product\/2830","targetHints":{"allow":["GET"]}}],"collection":[{"href":"https:\/\/cienfuegos.fr\/index.php\/wp-json\/wp\/v2\/product"}],"about":[{"href":"https:\/\/cienfuegos.fr\/index.php\/wp-json\/wp\/v2\/types\/product"}],"replies":[{"embeddable":true,"href":"https:\/\/cienfuegos.fr\/index.php\/wp-json\/wp\/v2\/comments?post=2830"}],"wp:attachment":[{"href":"https:\/\/cienfuegos.fr\/index.php\/wp-json\/wp\/v2\/media?parent=2830"}],"curies":[{"name":"wp","href":"https:\/\/api.w.org\/{rel}","templated":true}]}}