{"id":2828,"date":"2020-07-13T16:58:19","date_gmt":"2020-07-13T14:58:19","guid":{"rendered":"https:\/\/cienfuegos.fr\/?post_type=product&#038;p=2828"},"modified":"2020-08-02T07:38:45","modified_gmt":"2020-08-02T05:38:45","slug":"las-libros-sin-tapas-2","status":"publish","type":"product","link":"https:\/\/cienfuegos.fr\/index.php\/product\/las-libros-sin-tapas-2\/","title":{"rendered":"Los libros sin tapas"},"content":{"rendered":"","protected":false},"excerpt":{"rendered":"<p>Autor: Hern\u00e1ndez, Felisberto<br \/>\nEditorial: Cuenco de Plata<br \/>\nA\u00f1o de publicaci\u00f3n:<br \/>\nN\u00famero de p\u00e1ginas:<br \/>\nI.S.B.N : 978-987-1228-89-8<\/p>\n<p>\u201cBorges ironizaba sobre el Ulises de Joyce cuando dec\u00eda que para conocerlo pod\u00eda leerse el ensayo de Stuart Gilbert o, \u2018en su defecto, la novela\u2019. O bien que toda lectura de un cl\u00e1sico es en realidad una relectura por lo que ya sabemos sobre \u00e9l. La experiencia de leer a Felisberto acaso no puede suplantarse con interpretaci\u00f3n alguna \u2013por placentera o informativa que fuese\u2013, ni es posible leer por primera vez a Felisberto como recordando lo que ya sabemos sobre \u00e9l, como Hamlet o el Quijote: siempre es una primera vez, tambi\u00e9n porque su literatura tematiza, acent\u00faa la dilaci\u00f3n del comienzo. Porque eso forma parte de su raz\u00f3n de ser, de su motivaci\u00f3n misma. \u00bfY si leemos a Felisberto Hern\u00e1ndez en sus comienzos, pero como si todav\u00eda no hubiese escrito toda su obra? Leer el inicio de una escritura que acaso quiere iniciarse pero no comenzar, o que no sabe c\u00f3mo comenzar, y para eso no hay mejor imagen para definir su literatura que la que no llega a libro todav\u00eda: literatura de \u2018libros sin tapas\u2019. Literalidad de una met\u00e1fora: todos los \u2018libros\u2019 incluidos aqu\u00ed y publicados entre 1925 y 1931 son folletos sin tapas. Aspiran de alg\u00fan modo a no comenzar ni a terminar, o hacerlo \u2018con muy poca intenci\u00f3n\u2019 \u00bfPor qu\u00e9 si no incluir esta frase \u2018aclaratoria\u2019 en el Libro sin tapas?: \u2018Este libro es sin tapas porque es abierto y libre: se puede escribir antes y despu\u00e9s de \u00e9l\u2019.\u201d<\/p>\n","protected":false},"featured_media":0,"comment_status":"closed","ping_status":"closed","template":"","meta":[],"class_list":{"0":"post-2828","1":"product","2":"type-product","3":"status-publish","5":"product_cat-narrativa","6":"post","8":"first","9":"instock","10":"taxable","11":"shipping-taxable","12":"purchasable","13":"product-type-simple"},"_links":{"self":[{"href":"https:\/\/cienfuegos.fr\/index.php\/wp-json\/wp\/v2\/product\/2828","targetHints":{"allow":["GET"]}}],"collection":[{"href":"https:\/\/cienfuegos.fr\/index.php\/wp-json\/wp\/v2\/product"}],"about":[{"href":"https:\/\/cienfuegos.fr\/index.php\/wp-json\/wp\/v2\/types\/product"}],"replies":[{"embeddable":true,"href":"https:\/\/cienfuegos.fr\/index.php\/wp-json\/wp\/v2\/comments?post=2828"}],"wp:attachment":[{"href":"https:\/\/cienfuegos.fr\/index.php\/wp-json\/wp\/v2\/media?parent=2828"}],"curies":[{"name":"wp","href":"https:\/\/api.w.org\/{rel}","templated":true}]}}