{"id":2827,"date":"2020-07-13T16:58:17","date_gmt":"2020-07-13T14:58:17","guid":{"rendered":"https:\/\/cienfuegos.fr\/?post_type=product&#038;p=2827"},"modified":"2020-08-02T07:43:06","modified_gmt":"2020-08-02T05:43:06","slug":"arte-de-morir-2","status":"publish","type":"product","link":"https:\/\/cienfuegos.fr\/index.php\/product\/arte-de-morir-2\/","title":{"rendered":"Arte de morir"},"content":{"rendered":"","protected":false},"excerpt":{"rendered":"<p>Autor: Hahn, Oscar<br \/>\nEditorial: Arte de morir<br \/>\nA\u00f1o de publicaci\u00f3n:<br \/>\nN\u00famero de p\u00e1ginas:<br \/>\nI.S.B.N : 9562822982<\/p>\n<p>\u00d3scar Hahn, en Arte de morir, retoma un motivo literario que ha llamado la atenci\u00f3n desde tiempos inmemoriales: la muerte. Las im\u00e1genes horripilantes da cuenta de una poes\u00eda magn\u00edfica y verdaderamente original.<\/p>\n","protected":false},"featured_media":0,"comment_status":"closed","ping_status":"closed","template":"","meta":[],"class_list":{"0":"post-2827","1":"product","2":"type-product","3":"status-publish","5":"product_cat-poesia","6":"post","8":"first","9":"instock","10":"taxable","11":"shipping-taxable","12":"purchasable","13":"product-type-simple"},"_links":{"self":[{"href":"https:\/\/cienfuegos.fr\/index.php\/wp-json\/wp\/v2\/product\/2827","targetHints":{"allow":["GET"]}}],"collection":[{"href":"https:\/\/cienfuegos.fr\/index.php\/wp-json\/wp\/v2\/product"}],"about":[{"href":"https:\/\/cienfuegos.fr\/index.php\/wp-json\/wp\/v2\/types\/product"}],"replies":[{"embeddable":true,"href":"https:\/\/cienfuegos.fr\/index.php\/wp-json\/wp\/v2\/comments?post=2827"}],"wp:attachment":[{"href":"https:\/\/cienfuegos.fr\/index.php\/wp-json\/wp\/v2\/media?parent=2827"}],"curies":[{"name":"wp","href":"https:\/\/api.w.org\/{rel}","templated":true}]}}