{"id":2825,"date":"2020-07-13T16:58:14","date_gmt":"2020-07-13T14:58:14","guid":{"rendered":"https:\/\/cienfuegos.fr\/?post_type=product&#038;p=2825"},"modified":"2020-09-06T03:12:29","modified_gmt":"2020-09-06T01:12:29","slug":"historia-personal-de-chile-2","status":"publish","type":"product","link":"https:\/\/cienfuegos.fr\/index.php\/product\/historia-personal-de-chile-2\/","title":{"rendered":"Historia personal de Chile"},"content":{"rendered":"","protected":false},"excerpt":{"rendered":"<p>Autor: Gumucio, Rafael<br \/>\nEditorial: Hueders<br \/>\nA\u00f1o de publicaci\u00f3n:<br \/>\nN\u00famero de p\u00e1ginas:<br \/>\nI.S.B.N:<\/p>\n<p>Siempre fiel a sus obsesiones, Rafael Gumucio ha seguido cuestionando ese pu\u00f1ado de verdades reveladas que construyen la historia de Chile, para entregarnos una mirada deslumbrante y original sobre el pasado. Aqu\u00ed aparece el pa\u00eds que disfraza sus derrotas de triunfos, que piensa el autoritarismo como una vocaci\u00f3n ejemplar por el orden y que al erigirse como modelo de libertad es capaz de chapotear en la desigualdad m\u00e1s vergonzosa.<\/p>\n","protected":false},"featured_media":0,"comment_status":"closed","ping_status":"closed","template":"","meta":[],"class_list":{"0":"post-2825","1":"product","2":"type-product","3":"status-publish","5":"product_cat-ensayo","6":"post","8":"first","9":"instock","10":"taxable","11":"shipping-taxable","12":"purchasable","13":"product-type-simple"},"_links":{"self":[{"href":"https:\/\/cienfuegos.fr\/index.php\/wp-json\/wp\/v2\/product\/2825","targetHints":{"allow":["GET"]}}],"collection":[{"href":"https:\/\/cienfuegos.fr\/index.php\/wp-json\/wp\/v2\/product"}],"about":[{"href":"https:\/\/cienfuegos.fr\/index.php\/wp-json\/wp\/v2\/types\/product"}],"replies":[{"embeddable":true,"href":"https:\/\/cienfuegos.fr\/index.php\/wp-json\/wp\/v2\/comments?post=2825"}],"wp:attachment":[{"href":"https:\/\/cienfuegos.fr\/index.php\/wp-json\/wp\/v2\/media?parent=2825"}],"curies":[{"name":"wp","href":"https:\/\/api.w.org\/{rel}","templated":true}]}}