{"id":2820,"date":"2020-07-13T16:58:06","date_gmt":"2020-07-13T14:58:06","guid":{"rendered":"https:\/\/cienfuegos.fr\/?post_type=product&#038;p=2820"},"modified":"2020-09-06T03:19:15","modified_gmt":"2020-09-06T01:19:15","slug":"macedonio-fernandez-la-escritura-en-objeto-2","status":"publish","type":"product","link":"https:\/\/cienfuegos.fr\/index.php\/product\/macedonio-fernandez-la-escritura-en-objeto-2\/","title":{"rendered":"Macedonio Fern\u00e1ndez. La escritura en objeto"},"content":{"rendered":"","protected":false},"excerpt":{"rendered":"<p>Autor: Garc\u00eda, Germ\u00e1n<br \/>\nEditorial: Adriana Hidalgo<br \/>\nA\u00f1o de publicaci\u00f3n:<br \/>\nN\u00famero de p\u00e1ginas:<br \/>\nI.S.B.N: 978-987-9396-38-4<\/p>\n<p>La escritura de Macedonio es una encrucijda en la que convergen los sue\u00f1os y deseos de un sujeto con la ilusiones y carencias de una \u00e9poca, anud\u00e1ndose en un lenguaje sorprendente que se fragmenta y se organiza seg\u00fan tensiones dif\u00edciles de comprender. Ninguna se\u00f1al indica la entrada o la salida de esos textos: se entra y se sale por ning\u00fan lugar. Interrogaci\u00f3n de la muerte, sus textos se funden con el enigma que se desea interrogar. Germ\u00e1n Garc\u00eda<\/p>\n","protected":false},"featured_media":0,"comment_status":"closed","ping_status":"closed","template":"","meta":[],"class_list":{"0":"post-2820","1":"product","2":"type-product","3":"status-publish","5":"product_cat-ensayo","6":"post","8":"first","9":"instock","10":"taxable","11":"shipping-taxable","12":"purchasable","13":"product-type-simple"},"_links":{"self":[{"href":"https:\/\/cienfuegos.fr\/index.php\/wp-json\/wp\/v2\/product\/2820","targetHints":{"allow":["GET"]}}],"collection":[{"href":"https:\/\/cienfuegos.fr\/index.php\/wp-json\/wp\/v2\/product"}],"about":[{"href":"https:\/\/cienfuegos.fr\/index.php\/wp-json\/wp\/v2\/types\/product"}],"replies":[{"embeddable":true,"href":"https:\/\/cienfuegos.fr\/index.php\/wp-json\/wp\/v2\/comments?post=2820"}],"wp:attachment":[{"href":"https:\/\/cienfuegos.fr\/index.php\/wp-json\/wp\/v2\/media?parent=2820"}],"curies":[{"name":"wp","href":"https:\/\/api.w.org\/{rel}","templated":true}]}}