{"id":2818,"date":"2020-07-13T16:58:03","date_gmt":"2020-07-13T14:58:03","guid":{"rendered":"https:\/\/cienfuegos.fr\/?post_type=product&#038;p=2818"},"modified":"2020-09-06T03:21:58","modified_gmt":"2020-09-06T01:21:58","slug":"el-ano-de-stevenson-2","status":"publish","type":"product","link":"https:\/\/cienfuegos.fr\/index.php\/product\/el-ano-de-stevenson-2\/","title":{"rendered":"El a\u00f1o de Stevenson"},"content":{"rendered":"","protected":false},"excerpt":{"rendered":"<p>Autor: Gandolfo, Elvio<br \/>\nEditorial: Iv\u00e1n Rosado<br \/>\nA\u00f1o de publicaci\u00f3n:<br \/>\nN\u00famero de p\u00e1ginas:<br \/>\nI.S.B.N : 978-987-3708-04-6<\/p>\n<p>Conocido como autor de ficciones tan imaginativas como perfectas, cr\u00edtico implacable siempre atento a los destellos de los g\u00e9neros, Elvio Gandolfo ha venido escribiendo y escondiendo, a lo largo de su vida, espl\u00e9ndidos poemas. Aqu\u00ed hay algunos de ellos, que arman una especie de diario personal. No renuncian a narrar, pero buscan el momento en que la narraci\u00f3n se detiene en una frase que alguien dijo, en un recuerdo obstinado, en un instante de armon\u00eda o lucidez. En todos los poemas hay como el eco de una conversaci\u00f3n; a veces se trata de esas conversaciones que tenemos con nosotros mismos. Recorren estos poemas un cat\u00e1logo de pasiones: la lectura y las discusiones que nacen con la lectura; su padre, el gran Francisco Gandolfo, retratado en su \u00faltimo a\u00f1o; el cine (de Nicholas Ray a David Lynch); el amor por las tres ciudades que se disputan al autor (Rosario, Buenos Aires y Montevideo); las reuniones de una familia numerosa y singular; las largas caminatas; la amistad hecha de conversaciones y caf\u00e9s. Se habla en alg\u00fan poema del \u201cdios de lo mismo\u201d, pero a Gandolfo le ha tocado el otro: el dios de lo variado, de la sorpresa, del humor. Como en sus mejores relatos, la vida literaria y los rel\u00e1mpagos de la experiencia se unen para la melanc\u00f3lica felicidad del lector. Pablo De Santis.<\/p>\n","protected":false},"featured_media":0,"comment_status":"closed","ping_status":"closed","template":"","meta":[],"class_list":{"0":"post-2818","1":"product","2":"type-product","3":"status-publish","5":"product_cat-poesia","6":"post","8":"first","9":"instock","10":"taxable","11":"shipping-taxable","12":"purchasable","13":"product-type-simple"},"_links":{"self":[{"href":"https:\/\/cienfuegos.fr\/index.php\/wp-json\/wp\/v2\/product\/2818","targetHints":{"allow":["GET"]}}],"collection":[{"href":"https:\/\/cienfuegos.fr\/index.php\/wp-json\/wp\/v2\/product"}],"about":[{"href":"https:\/\/cienfuegos.fr\/index.php\/wp-json\/wp\/v2\/types\/product"}],"replies":[{"embeddable":true,"href":"https:\/\/cienfuegos.fr\/index.php\/wp-json\/wp\/v2\/comments?post=2818"}],"wp:attachment":[{"href":"https:\/\/cienfuegos.fr\/index.php\/wp-json\/wp\/v2\/media?parent=2818"}],"curies":[{"name":"wp","href":"https:\/\/api.w.org\/{rel}","templated":true}]}}