{"id":2817,"date":"2020-07-13T16:58:01","date_gmt":"2020-07-13T14:58:01","guid":{"rendered":"https:\/\/cienfuegos.fr\/?post_type=product&#038;p=2817"},"modified":"2022-04-28T15:43:57","modified_gmt":"2022-04-28T13:43:57","slug":"periplo-2","status":"publish","type":"product","link":"https:\/\/cienfuegos.fr\/index.php\/product\/periplo-2\/","title":{"rendered":"Periplo"},"content":{"rendered":"","protected":false},"excerpt":{"rendered":"<p>Autor: Filloy, Juan<br \/>\nEditorial: Cuenco de Plata<br \/>\nA\u00f1o de publicaci\u00f3n:<br \/>\nN\u00famero de p\u00e1ginas:<br \/>\nI.S.B.N : 978-987-1228-50-8<\/p>\n<p>Periplo es una cr\u00f3nica del viaje que Filloy realiz\u00f3 en 1930 por la cuenca del Mediterr\u00e1neo, visitando Espa\u00f1a, Marruecos, Argelia, T\u00fanez, Egipto, Siria, El L\u00edbano y Jerusal\u00e9n. El t\u00edtulo deriva de Ptolomeo, quien hab\u00eda llamado \u00abperiplo\u00bb (\u00abviaje en barco\u00bb) a los relatos de su traves\u00eda por el Mediterr\u00e1neo. En esta \u00f3pera prima se esbozan la mayor\u00eda de las pr\u00e1cticas textuales que Filloy ir\u00e1 incorporando al resto de su obra: la cita, el di\u00e1logo a la manera de Plat\u00f3n, las observaciones minuciosas e iluminadoras, la reflexi\u00f3n paradojal, as\u00ed como los juegos de palabras y su obsesi\u00f3n por la etimolog\u00eda.<\/p>\n","protected":false},"featured_media":0,"comment_status":"closed","ping_status":"closed","template":"","meta":[],"class_list":{"0":"post-2817","1":"product","2":"type-product","3":"status-publish","5":"product_cat-narrativa","6":"post","8":"first","9":"onbackorder","10":"taxable","11":"shipping-taxable","12":"purchasable","13":"product-type-simple"},"_links":{"self":[{"href":"https:\/\/cienfuegos.fr\/index.php\/wp-json\/wp\/v2\/product\/2817","targetHints":{"allow":["GET"]}}],"collection":[{"href":"https:\/\/cienfuegos.fr\/index.php\/wp-json\/wp\/v2\/product"}],"about":[{"href":"https:\/\/cienfuegos.fr\/index.php\/wp-json\/wp\/v2\/types\/product"}],"replies":[{"embeddable":true,"href":"https:\/\/cienfuegos.fr\/index.php\/wp-json\/wp\/v2\/comments?post=2817"}],"wp:attachment":[{"href":"https:\/\/cienfuegos.fr\/index.php\/wp-json\/wp\/v2\/media?parent=2817"}],"curies":[{"name":"wp","href":"https:\/\/api.w.org\/{rel}","templated":true}]}}