{"id":2814,"date":"2020-07-13T16:57:57","date_gmt":"2020-07-13T14:57:57","guid":{"rendered":"https:\/\/cienfuegos.fr\/?post_type=product&#038;p=2814"},"modified":"2020-10-14T14:35:47","modified_gmt":"2020-10-14T12:35:47","slug":"estafen-2","status":"publish","type":"product","link":"https:\/\/cienfuegos.fr\/index.php\/product\/estafen-2\/","title":{"rendered":"Estafen"},"content":{"rendered":"","protected":false},"excerpt":{"rendered":"<p>Autor: Filloy, Juan<br \/>\nEditorial: Cuenco de Plata<br \/>\nA\u00f1o de publicaci\u00f3n:<br \/>\nN\u00famero de p\u00e1ginas:<br \/>\nI.S.B.N : 978-987-1228-86-7<\/p>\n<p>\u2013\u00a1Estafen! es una obra de tem\u00e1tica judicial y carcelaria, y a la vez una t\u00edpica novela de personaje. Un estafador es atrapado. La detenci\u00f3n, la toma de declaraciones y sus di\u00e1logos con el juez dan lugar a una aguda cr\u00edtica de la justicia. Los entretelones de la vida carcelaria y su at\u00edpica y seductora conducta durante el proceso, as\u00ed como la l\u00f3gica de su pensamiento, hacen del Estafador un personaje entra\u00f1able. El final de la novela es narrativamente ejemplar. Juan Filloy introduce en \u2013\u00a1Estafen! las acotaciones constantes y la t\u00e9cnica del fluir de la conciencia, recursos que definen un estilo que ya no abandonar\u00e1 a lo largo de su obra.<\/p>\n","protected":false},"featured_media":0,"comment_status":"closed","ping_status":"closed","template":"","meta":[],"class_list":{"0":"post-2814","1":"product","2":"type-product","3":"status-publish","5":"product_cat-narrativa","6":"post","8":"first","9":"onbackorder","10":"taxable","11":"shipping-taxable","12":"purchasable","13":"product-type-simple"},"_links":{"self":[{"href":"https:\/\/cienfuegos.fr\/index.php\/wp-json\/wp\/v2\/product\/2814","targetHints":{"allow":["GET"]}}],"collection":[{"href":"https:\/\/cienfuegos.fr\/index.php\/wp-json\/wp\/v2\/product"}],"about":[{"href":"https:\/\/cienfuegos.fr\/index.php\/wp-json\/wp\/v2\/types\/product"}],"replies":[{"embeddable":true,"href":"https:\/\/cienfuegos.fr\/index.php\/wp-json\/wp\/v2\/comments?post=2814"}],"wp:attachment":[{"href":"https:\/\/cienfuegos.fr\/index.php\/wp-json\/wp\/v2\/media?parent=2814"}],"curies":[{"name":"wp","href":"https:\/\/api.w.org\/{rel}","templated":true}]}}