{"id":2813,"date":"2020-07-13T16:57:56","date_gmt":"2020-07-13T14:57:56","guid":{"rendered":"https:\/\/cienfuegos.fr\/?post_type=product&#038;p=2813"},"modified":"2022-04-28T15:48:17","modified_gmt":"2022-04-28T13:48:17","slug":"fuerzas-especiales-2","status":"publish","type":"product","link":"https:\/\/cienfuegos.fr\/index.php\/product\/fuerzas-especiales-2\/","title":{"rendered":"Fuerzas especiales"},"content":{"rendered":"","protected":false},"excerpt":{"rendered":"<p>Autor: Eltit, Diamela<br \/>\nEditorial: Perif\u00e9rica<br \/>\nA\u00f1o de publicaci\u00f3n:<br \/>\nN\u00famero de p\u00e1ginas:<br \/>\nI.S.B.N : 978-84-16291-05-2<\/p>\n<p>En Fuerzas especiales, \u00faltima novela de su autora, la protagonista es una joven de un barrio marginal que se prostituye en un cibercaf\u00e9, en medio de una vida llena de desgracias familiares. \u00abVoy al c\u00edber a buscar en las pantallas mi comida. Todos se comen. Me comen a m\u00ed tambi\u00e9n.\u00bb El tel\u00f3n de fondo es un grupo de bloques sitiado por las fuerzas especiales de la polic\u00eda. Pero, en un juego de palabras triste y a la vez desafiante, las \u00abfuerzas especiales\u00bb del t\u00edtulo son tambi\u00e9n las que se necesitan para resistir, para sobrevivir cuando se vive en los m\u00e1rgenes de la sociedad bajo tantas formas de represi\u00f3n y control.<br \/>\nLa violencia y las marcas que deja en el cuerpo (tambi\u00e9n en el \u00abcuerpo social\u00bb) son habituales en las novelas de Eltit, quien construye este desasosegante texto sobre todo tipo de materiales de derribo: la brutalidad, los frustrados deseos familiares, las enfermedades, los asedios de la polic\u00eda (cuya presencia es constante y hace vivir amedrentados a todos los habitantes). Tambi\u00e9n es habitual en sus novelas una forma de lo obsceno que va m\u00e1s all\u00e1 de su acepci\u00f3n sexual y se encarna, nunca mejor dicho, en lo horrible, en lo temible, en lo que se debe evitar o esconder. En este libro triste y oscuro, pero necesario, donde las voces populares construyen el relato de un modo casi b\u00edblico, se castiga como en la realidad y como (precisamente) en el Antiguo Testamento: con total dureza.<br \/>\nPero a pesar de que los desheredados de la tierra siempre lo ser\u00e1n, tratan tambi\u00e9n de sobrevivir dignamente (y de un modo muchas veces emocionante) en medio de un mundo con armas cada vez m\u00e1s sofisticadas, con nuevas formas de matar. Conviven entre s\u00ed, se sobreponen a su destino, nunca son indiferentes. Es m\u00e1s, seg\u00fan avanza la novela, la inteligencia y la lucidez de la protagonista nos hacen albergar alguna esperanza.<\/p>\n<p>\u00abDiamela Eltit ha resistido, con \u00e9xito, las obligaciones del mercado, haciendo de la lectura una labor cr\u00edtica del lenguaje, y del libro un instrumento conspirativo contra el orden dominante. Sus libros convierten la lectura en una sediciosa labor clandestina, de vocaci\u00f3n anarquista, radicalidad est\u00e9tica y despojado estilo.\u00bb Julio Ortega<\/p>\n","protected":false},"featured_media":0,"comment_status":"closed","ping_status":"closed","template":"","meta":[],"class_list":{"0":"post-2813","1":"product","2":"type-product","3":"status-publish","5":"product_cat-narrativa","6":"post","8":"first","9":"onbackorder","10":"taxable","11":"shipping-taxable","12":"purchasable","13":"product-type-simple"},"_links":{"self":[{"href":"https:\/\/cienfuegos.fr\/index.php\/wp-json\/wp\/v2\/product\/2813","targetHints":{"allow":["GET"]}}],"collection":[{"href":"https:\/\/cienfuegos.fr\/index.php\/wp-json\/wp\/v2\/product"}],"about":[{"href":"https:\/\/cienfuegos.fr\/index.php\/wp-json\/wp\/v2\/types\/product"}],"replies":[{"embeddable":true,"href":"https:\/\/cienfuegos.fr\/index.php\/wp-json\/wp\/v2\/comments?post=2813"}],"wp:attachment":[{"href":"https:\/\/cienfuegos.fr\/index.php\/wp-json\/wp\/v2\/media?parent=2813"}],"curies":[{"name":"wp","href":"https:\/\/api.w.org\/{rel}","templated":true}]}}