{"id":2812,"date":"2020-07-13T16:57:54","date_gmt":"2020-07-13T14:57:54","guid":{"rendered":"https:\/\/cienfuegos.fr\/?post_type=product&#038;p=2812"},"modified":"2020-08-02T08:01:23","modified_gmt":"2020-08-02T06:01:23","slug":"los-pollos-no-tienen-silla-2","status":"publish","type":"product","link":"https:\/\/cienfuegos.fr\/index.php\/product\/los-pollos-no-tienen-silla-2\/","title":{"rendered":"Los pollos no tienen silla"},"content":{"rendered":"","protected":false},"excerpt":{"rendered":"<p>Autor: Copi<br \/>\nEditorial: Cuenco de plata<br \/>\nA\u00f1o de publicaci\u00f3n: 2012<br \/>\nN\u00famero de p\u00e1ginas:<br \/>\nI.S.B.N : 978-987-1772-47-6<\/p>\n<p>Si se quieren simbolismos, claves, reparto de roles sociales, es f\u00e1cil, c\u00f3modo, empobrecedor. Al principio, cuando s\u00f3lo la iba a visitar el pollo o pato de a pie, la gorda sentada era la burgues\u00eda, el poder, la sociedad, lo que se quiera. Copi nunca dijo que s\u00ed ni que no. No ten\u00eda por qu\u00e9. Para eso est\u00e1 lo dicho y lo dibujado. Nos basta. A esta altura de la historia y de la narrativa argentina es evidente que somos muchos los que admiramos a Copi m\u00e1s all\u00e1 de lo habitual y que es hora de que podamos tenerlo a mano y accesible a un p\u00fablico general para disfrutarlo.<br \/>\nJuan Sasturai<\/p>\n","protected":false},"featured_media":0,"comment_status":"closed","ping_status":"closed","template":"","meta":[],"class_list":{"0":"post-2812","1":"product","2":"type-product","3":"status-publish","5":"product_cat-historieta","6":"post","8":"first","9":"instock","10":"taxable","11":"shipping-taxable","12":"purchasable","13":"product-type-simple"},"_links":{"self":[{"href":"https:\/\/cienfuegos.fr\/index.php\/wp-json\/wp\/v2\/product\/2812","targetHints":{"allow":["GET"]}}],"collection":[{"href":"https:\/\/cienfuegos.fr\/index.php\/wp-json\/wp\/v2\/product"}],"about":[{"href":"https:\/\/cienfuegos.fr\/index.php\/wp-json\/wp\/v2\/types\/product"}],"replies":[{"embeddable":true,"href":"https:\/\/cienfuegos.fr\/index.php\/wp-json\/wp\/v2\/comments?post=2812"}],"wp:attachment":[{"href":"https:\/\/cienfuegos.fr\/index.php\/wp-json\/wp\/v2\/media?parent=2812"}],"curies":[{"name":"wp","href":"https:\/\/api.w.org\/{rel}","templated":true}]}}