{"id":2810,"date":"2020-07-13T16:57:51","date_gmt":"2020-07-13T14:57:51","guid":{"rendered":"https:\/\/cienfuegos.fr\/?post_type=product&#038;p=2810"},"modified":"2022-04-01T16:51:28","modified_gmt":"2022-04-01T14:51:28","slug":"sebastian-dun","status":"publish","type":"product","link":"https:\/\/cienfuegos.fr\/index.php\/product\/sebastian-dun\/","title":{"rendered":"Sebastian Dun"},"content":{"rendered":"","protected":false},"excerpt":{"rendered":"<p>Autor: Colautti, Ricardo<br \/>\nEditorial: Sudamericana<br \/>\nA\u00f1o de publicaci\u00f3n: 1971<br \/>\nN\u00famero de p\u00e1ginas:<br \/>\nI.S.B.N:<\/p>\n<p>Editorial Sudamericana, 1971. Encuadernaci\u00f3n de tapa blanda. Condici\u00f3n: Muy bien. 1\u00aa Edici\u00f3n. Primera edici\u00f3n, Buenos Aires 1971. 66pgs, 12&#215;17,5cm. Una de las tres nouvelles que escribi\u00f3 el misterioso escritor argentino Ricardo Colautti, abogado y escribano de profesi\u00f3n, quien escrib\u00eda en su despacho literatura delirante, mientras sus clientes cre\u00edan que estaba enfrascado en un acta notarial.<\/p>\n","protected":false},"featured_media":0,"comment_status":"closed","ping_status":"closed","template":"","meta":[],"class_list":{"0":"post-2810","1":"product","2":"type-product","3":"status-publish","5":"product_cat-narrativa","6":"post","8":"first","9":"outofstock","10":"taxable","11":"shipping-taxable","12":"purchasable","13":"product-type-simple"},"_links":{"self":[{"href":"https:\/\/cienfuegos.fr\/index.php\/wp-json\/wp\/v2\/product\/2810","targetHints":{"allow":["GET"]}}],"collection":[{"href":"https:\/\/cienfuegos.fr\/index.php\/wp-json\/wp\/v2\/product"}],"about":[{"href":"https:\/\/cienfuegos.fr\/index.php\/wp-json\/wp\/v2\/types\/product"}],"replies":[{"embeddable":true,"href":"https:\/\/cienfuegos.fr\/index.php\/wp-json\/wp\/v2\/comments?post=2810"}],"wp:attachment":[{"href":"https:\/\/cienfuegos.fr\/index.php\/wp-json\/wp\/v2\/media?parent=2810"}],"curies":[{"name":"wp","href":"https:\/\/api.w.org\/{rel}","templated":true}]}}